{"id":5615,"date":"2022-09-14T20:25:12","date_gmt":"2022-09-15T00:25:12","guid":{"rendered":"https:\/\/moorejcb.com\/showroom\/100c-2\/"},"modified":"2022-09-14T20:25:12","modified_gmt":"2022-09-15T00:25:12","slug":"100c-2-compact-excavator-2","status":"publish","type":"product","link":"https:\/\/moorejcb.com\/fr\/showroom\/100c-2-compact-excavator-2\/","title":{"rendered":"100C-2"},"content":{"rendered":"<p>Avec une qualit\u00e9 de construction, une puissance, une efficacit\u00e9, un confort, une s\u00e9curit\u00e9 et une facilit\u00e9 d&rsquo;entretien en abondance, la nouvelle g\u00e9n\u00e9ration de pelleteuses JCB 100C-2 est pr\u00eate \u00e0 fournir une productivit\u00e9 ultime sur n&rsquo;importe quel travail.<\/p>\n<p><a href=\"https:\/\/moorejcb.com\/wp-content\/uploads\/2022\/10\/2022-100C-1-Brochure.pdf\" target=\"_blank\" rel=\"noopener\">T\u00e9l\u00e9charger la brochure<\/a><\/p>\n","protected":false},"excerpt":{"rendered":"<p>PELLE COMPACTE<\/p>\n","protected":false},"featured_media":5158,"template":"","meta":[],"product_brand":[],"product_cat":[99],"product_tag":[117],"class_list":{"0":"post-5615","1":"product","2":"type-product","3":"status-publish","4":"has-post-thumbnail","6":"product_cat-excavatrices-compactes","7":"product_tag-excavatrice","9":"first","10":"instock","11":"virtual","12":"product-type-simple"},"yoast_head":"<!-- This site is optimized with the Yoast SEO plugin v27.2 - https:\/\/yoast.com\/product\/yoast-seo-wordpress\/ -->\n<title>100C-2 - Moore JCB<\/title>\n<meta name=\"robots\" content=\"index, follow, max-snippet:-1, max-image-preview:large, max-video-preview:-1\" \/>\n<link rel=\"canonical\" href=\"https:\/\/moorejcb.com\/fr\/showroom\/100c-2-compact-excavator-2\/\" \/>\n<meta property=\"og:locale\" content=\"fr_FR\" \/>\n<meta property=\"og:type\" content=\"article\" \/>\n<meta property=\"og:title\" content=\"100C-2 - Moore JCB\" \/>\n<meta property=\"og:description\" content=\"PELLE COMPACTE\" \/>\n<meta property=\"og:url\" content=\"https:\/\/moorejcb.com\/fr\/showroom\/100c-2-compact-excavator-2\/\" \/>\n<meta property=\"og:site_name\" content=\"Moore JCB\" \/>\n<meta property=\"article:publisher\" content=\"https:\/\/www.facebook.com\/moorejcb\" \/>\n<meta property=\"og:image\" content=\"https:\/\/moorejcb.com\/wp-content\/uploads\/2022\/09\/A_MINI_100_C-2_2_3x2.jpg\" \/>\n\t<meta property=\"og:image:width\" content=\"1200\" \/>\n\t<meta property=\"og:image:height\" content=\"900\" \/>\n\t<meta property=\"og:image:type\" content=\"image\/jpeg\" \/>\n<meta name=\"twitter:card\" content=\"summary_large_image\" \/>\n<script type=\"application\/ld+json\" class=\"yoast-schema-graph\">{\"@context\":\"https:\/\/schema.org\",\"@graph\":[{\"@type\":\"WebPage\",\"@id\":\"https:\/\/moorejcb.com\/fr\/showroom\/100c-2-compact-excavator-2\/\",\"url\":\"https:\/\/moorejcb.com\/fr\/showroom\/100c-2-compact-excavator-2\/\",\"name\":\"100C-2 - Moore JCB\",\"isPartOf\":{\"@id\":\"https:\/\/moorejcb.com\/#website\"},\"primaryImageOfPage\":{\"@id\":\"https:\/\/moorejcb.com\/fr\/showroom\/100c-2-compact-excavator-2\/#primaryimage\"},\"image\":{\"@id\":\"https:\/\/moorejcb.com\/fr\/showroom\/100c-2-compact-excavator-2\/#primaryimage\"},\"thumbnailUrl\":\"https:\/\/moorejcb.com\/wp-content\/uploads\/2022\/09\/A_MINI_100_C-2_2_3x2.jpg\",\"datePublished\":\"2022-09-15T00:25:12+00:00\",\"breadcrumb\":{\"@id\":\"https:\/\/moorejcb.com\/fr\/showroom\/100c-2-compact-excavator-2\/#breadcrumb\"},\"inLanguage\":\"fr-FR\",\"potentialAction\":[{\"@type\":\"ReadAction\",\"target\":[\"https:\/\/moorejcb.com\/fr\/showroom\/100c-2-compact-excavator-2\/\"]}]},{\"@type\":\"ImageObject\",\"inLanguage\":\"fr-FR\",\"@id\":\"https:\/\/moorejcb.com\/fr\/showroom\/100c-2-compact-excavator-2\/#primaryimage\",\"url\":\"https:\/\/moorejcb.com\/wp-content\/uploads\/2022\/09\/A_MINI_100_C-2_2_3x2.jpg\",\"contentUrl\":\"https:\/\/moorejcb.com\/wp-content\/uploads\/2022\/09\/A_MINI_100_C-2_2_3x2.jpg\",\"width\":1200,\"height\":900},{\"@type\":\"BreadcrumbList\",\"@id\":\"https:\/\/moorejcb.com\/fr\/showroom\/100c-2-compact-excavator-2\/#breadcrumb\",\"itemListElement\":[{\"@type\":\"ListItem\",\"position\":1,\"name\":\"Home\",\"item\":\"https:\/\/moorejcb.com\/fr\/page-daccueil\/\"},{\"@type\":\"ListItem\",\"position\":2,\"name\":\"\u00c9quipement neuf\",\"item\":\"https:\/\/moorejcb.com\/fr\/equipement-neuf\/\"},{\"@type\":\"ListItem\",\"position\":3,\"name\":\"100C-2\"}]},{\"@type\":\"WebSite\",\"@id\":\"https:\/\/moorejcb.com\/#website\",\"url\":\"https:\/\/moorejcb.com\/\",\"name\":\"Moore JCB\",\"description\":\"Heavy Equipment | Construction Equipment and Machinery\",\"publisher\":{\"@id\":\"https:\/\/moorejcb.com\/#organization\"},\"potentialAction\":[{\"@type\":\"SearchAction\",\"target\":{\"@type\":\"EntryPoint\",\"urlTemplate\":\"https:\/\/moorejcb.com\/?s={search_term_string}\"},\"query-input\":{\"@type\":\"PropertyValueSpecification\",\"valueRequired\":true,\"valueName\":\"search_term_string\"}}],\"inLanguage\":\"fr-FR\"},{\"@type\":\"Organization\",\"@id\":\"https:\/\/moorejcb.com\/#organization\",\"name\":\"Moore JCB\",\"url\":\"https:\/\/moorejcb.com\/\",\"logo\":{\"@type\":\"ImageObject\",\"inLanguage\":\"fr-FR\",\"@id\":\"https:\/\/moorejcb.com\/#\/schema\/logo\/image\/\",\"url\":\"https:\/\/moorejcb.com\/wp-content\/uploads\/2022\/08\/MooreJCB.jpg\",\"contentUrl\":\"https:\/\/moorejcb.com\/wp-content\/uploads\/2022\/08\/MooreJCB.jpg\",\"width\":2445,\"height\":493,\"caption\":\"Moore JCB\"},\"image\":{\"@id\":\"https:\/\/moorejcb.com\/#\/schema\/logo\/image\/\"},\"sameAs\":[\"https:\/\/www.facebook.com\/moorejcb\"]}]}<\/script>\n<!-- \/ Yoast SEO plugin. -->","yoast_head_json":{"title":"100C-2 - Moore JCB","robots":{"index":"index","follow":"follow","max-snippet":"max-snippet:-1","max-image-preview":"max-image-preview:large","max-video-preview":"max-video-preview:-1"},"canonical":"https:\/\/moorejcb.com\/fr\/showroom\/100c-2-compact-excavator-2\/","og_locale":"fr_FR","og_type":"article","og_title":"100C-2 - Moore JCB","og_description":"PELLE COMPACTE","og_url":"https:\/\/moorejcb.com\/fr\/showroom\/100c-2-compact-excavator-2\/","og_site_name":"Moore JCB","article_publisher":"https:\/\/www.facebook.com\/moorejcb","og_image":[{"width":1200,"height":900,"url":"https:\/\/moorejcb.com\/wp-content\/uploads\/2022\/09\/A_MINI_100_C-2_2_3x2.jpg","type":"image\/jpeg"}],"twitter_card":"summary_large_image","schema":{"@context":"https:\/\/schema.org","@graph":[{"@type":"WebPage","@id":"https:\/\/moorejcb.com\/fr\/showroom\/100c-2-compact-excavator-2\/","url":"https:\/\/moorejcb.com\/fr\/showroom\/100c-2-compact-excavator-2\/","name":"100C-2 - Moore JCB","isPartOf":{"@id":"https:\/\/moorejcb.com\/#website"},"primaryImageOfPage":{"@id":"https:\/\/moorejcb.com\/fr\/showroom\/100c-2-compact-excavator-2\/#primaryimage"},"image":{"@id":"https:\/\/moorejcb.com\/fr\/showroom\/100c-2-compact-excavator-2\/#primaryimage"},"thumbnailUrl":"https:\/\/moorejcb.com\/wp-content\/uploads\/2022\/09\/A_MINI_100_C-2_2_3x2.jpg","datePublished":"2022-09-15T00:25:12+00:00","breadcrumb":{"@id":"https:\/\/moorejcb.com\/fr\/showroom\/100c-2-compact-excavator-2\/#breadcrumb"},"inLanguage":"fr-FR","potentialAction":[{"@type":"ReadAction","target":["https:\/\/moorejcb.com\/fr\/showroom\/100c-2-compact-excavator-2\/"]}]},{"@type":"ImageObject","inLanguage":"fr-FR","@id":"https:\/\/moorejcb.com\/fr\/showroom\/100c-2-compact-excavator-2\/#primaryimage","url":"https:\/\/moorejcb.com\/wp-content\/uploads\/2022\/09\/A_MINI_100_C-2_2_3x2.jpg","contentUrl":"https:\/\/moorejcb.com\/wp-content\/uploads\/2022\/09\/A_MINI_100_C-2_2_3x2.jpg","width":1200,"height":900},{"@type":"BreadcrumbList","@id":"https:\/\/moorejcb.com\/fr\/showroom\/100c-2-compact-excavator-2\/#breadcrumb","itemListElement":[{"@type":"ListItem","position":1,"name":"Home","item":"https:\/\/moorejcb.com\/fr\/page-daccueil\/"},{"@type":"ListItem","position":2,"name":"\u00c9quipement neuf","item":"https:\/\/moorejcb.com\/fr\/equipement-neuf\/"},{"@type":"ListItem","position":3,"name":"100C-2"}]},{"@type":"WebSite","@id":"https:\/\/moorejcb.com\/#website","url":"https:\/\/moorejcb.com\/","name":"Moore JCB","description":"Heavy Equipment | Construction Equipment and Machinery","publisher":{"@id":"https:\/\/moorejcb.com\/#organization"},"potentialAction":[{"@type":"SearchAction","target":{"@type":"EntryPoint","urlTemplate":"https:\/\/moorejcb.com\/?s={search_term_string}"},"query-input":{"@type":"PropertyValueSpecification","valueRequired":true,"valueName":"search_term_string"}}],"inLanguage":"fr-FR"},{"@type":"Organization","@id":"https:\/\/moorejcb.com\/#organization","name":"Moore JCB","url":"https:\/\/moorejcb.com\/","logo":{"@type":"ImageObject","inLanguage":"fr-FR","@id":"https:\/\/moorejcb.com\/#\/schema\/logo\/image\/","url":"https:\/\/moorejcb.com\/wp-content\/uploads\/2022\/08\/MooreJCB.jpg","contentUrl":"https:\/\/moorejcb.com\/wp-content\/uploads\/2022\/08\/MooreJCB.jpg","width":2445,"height":493,"caption":"Moore JCB"},"image":{"@id":"https:\/\/moorejcb.com\/#\/schema\/logo\/image\/"},"sameAs":["https:\/\/www.facebook.com\/moorejcb"]}]}},"jetpack_sharing_enabled":true,"_links":{"self":[{"href":"https:\/\/moorejcb.com\/fr\/wp-json\/wp\/v2\/product\/5615","targetHints":{"allow":["GET"]}}],"collection":[{"href":"https:\/\/moorejcb.com\/fr\/wp-json\/wp\/v2\/product"}],"about":[{"href":"https:\/\/moorejcb.com\/fr\/wp-json\/wp\/v2\/types\/product"}],"wp:featuredmedia":[{"embeddable":true,"href":"https:\/\/moorejcb.com\/fr\/wp-json\/wp\/v2\/media\/5158"}],"wp:attachment":[{"href":"https:\/\/moorejcb.com\/fr\/wp-json\/wp\/v2\/media?parent=5615"}],"wp:term":[{"taxonomy":"product_brand","embeddable":true,"href":"https:\/\/moorejcb.com\/fr\/wp-json\/wp\/v2\/product_brand?post=5615"},{"taxonomy":"product_cat","embeddable":true,"href":"https:\/\/moorejcb.com\/fr\/wp-json\/wp\/v2\/product_cat?post=5615"},{"taxonomy":"product_tag","embeddable":true,"href":"https:\/\/moorejcb.com\/fr\/wp-json\/wp\/v2\/product_tag?post=5615"}],"curies":[{"name":"wp","href":"https:\/\/api.w.org\/{rel}","templated":true}]}}