{"id":5604,"date":"2022-09-14T20:25:06","date_gmt":"2022-09-15T00:25:06","guid":{"rendered":"https:\/\/moorejcb.com\/showroom\/35z-1\/"},"modified":"2022-09-14T20:25:06","modified_gmt":"2022-09-15T00:25:06","slug":"35z-1-compact-excavateur","status":"publish","type":"product","link":"https:\/\/moorejcb.com\/fr\/showroom\/35z-1-compact-excavateur\/","title":{"rendered":"35Z-1"},"content":{"rendered":"<p>Le 35Z-1 est l&rsquo;une des machines T4F qui n&rsquo;a pas besoin de contr\u00f4le \u00e9lectronique, de post-traitement ou d&rsquo;EGR. Il n&rsquo;a pas d&rsquo;inclinaison vers l&rsquo;arri\u00e8re pour une man\u0153uvrabilit\u00e9 facile et s\u00fbre, notamment dans les espaces confin\u00e9s, et sa carrosserie est enti\u00e8rement en acier.<\/p>\n<p><a href=\"https:\/\/moorejcb.com\/wp-content\/uploads\/2022\/10\/2022-35Z-1-Brochure.pdf\" target=\"_blank\" rel=\"noopener\">T\u00e9l\u00e9charger la brochure<\/a><\/p>\n","protected":false},"excerpt":{"rendered":"<p>PELLE COMPACTE<\/p>\n","protected":false},"featured_media":5136,"template":"","meta":[],"product_brand":[],"product_cat":[99],"product_tag":[117],"class_list":{"0":"post-5604","1":"product","2":"type-product","3":"status-publish","4":"has-post-thumbnail","6":"product_cat-excavatrices-compactes","7":"product_tag-excavatrice","9":"first","10":"instock","11":"virtual","12":"product-type-simple"},"yoast_head":"<!-- This site is optimized with the Yoast SEO plugin v27.3 - https:\/\/yoast.com\/product\/yoast-seo-wordpress\/ -->\n<title>35Z-1 - Moore JCB<\/title>\n<meta name=\"robots\" content=\"index, follow, max-snippet:-1, max-image-preview:large, max-video-preview:-1\" \/>\n<link rel=\"canonical\" href=\"https:\/\/moorejcb.com\/fr\/showroom\/35z-1-compact-excavateur\/\" \/>\n<meta property=\"og:locale\" content=\"fr_FR\" \/>\n<meta property=\"og:type\" content=\"article\" \/>\n<meta property=\"og:title\" content=\"35Z-1 - Moore JCB\" \/>\n<meta property=\"og:description\" content=\"PELLE COMPACTE\" \/>\n<meta property=\"og:url\" content=\"https:\/\/moorejcb.com\/fr\/showroom\/35z-1-compact-excavateur\/\" \/>\n<meta property=\"og:site_name\" content=\"Moore JCB\" \/>\n<meta property=\"article:publisher\" content=\"https:\/\/www.facebook.com\/moorejcb\" \/>\n<meta property=\"og:image\" content=\"https:\/\/moorejcb.com\/wp-content\/uploads\/2022\/09\/35Z-1miniexcavator3.jpg\" \/>\n\t<meta property=\"og:image:width\" content=\"1200\" \/>\n\t<meta property=\"og:image:height\" content=\"900\" \/>\n\t<meta property=\"og:image:type\" content=\"image\/jpeg\" \/>\n<meta name=\"twitter:card\" content=\"summary_large_image\" \/>\n<script type=\"application\/ld+json\" class=\"yoast-schema-graph\">{\"@context\":\"https:\\\/\\\/schema.org\",\"@graph\":[{\"@type\":\"WebPage\",\"@id\":\"https:\\\/\\\/moorejcb.com\\\/fr\\\/showroom\\\/35z-1-compact-excavateur\\\/\",\"url\":\"https:\\\/\\\/moorejcb.com\\\/fr\\\/showroom\\\/35z-1-compact-excavateur\\\/\",\"name\":\"35Z-1 - Moore JCB\",\"isPartOf\":{\"@id\":\"https:\\\/\\\/moorejcb.com\\\/#website\"},\"primaryImageOfPage\":{\"@id\":\"https:\\\/\\\/moorejcb.com\\\/fr\\\/showroom\\\/35z-1-compact-excavateur\\\/#primaryimage\"},\"image\":{\"@id\":\"https:\\\/\\\/moorejcb.com\\\/fr\\\/showroom\\\/35z-1-compact-excavateur\\\/#primaryimage\"},\"thumbnailUrl\":\"https:\\\/\\\/moorejcb.com\\\/wp-content\\\/uploads\\\/2022\\\/09\\\/35Z-1miniexcavator3.jpg\",\"datePublished\":\"2022-09-15T00:25:06+00:00\",\"breadcrumb\":{\"@id\":\"https:\\\/\\\/moorejcb.com\\\/fr\\\/showroom\\\/35z-1-compact-excavateur\\\/#breadcrumb\"},\"inLanguage\":\"fr-FR\",\"potentialAction\":[{\"@type\":\"ReadAction\",\"target\":[\"https:\\\/\\\/moorejcb.com\\\/fr\\\/showroom\\\/35z-1-compact-excavateur\\\/\"]}]},{\"@type\":\"ImageObject\",\"inLanguage\":\"fr-FR\",\"@id\":\"https:\\\/\\\/moorejcb.com\\\/fr\\\/showroom\\\/35z-1-compact-excavateur\\\/#primaryimage\",\"url\":\"https:\\\/\\\/moorejcb.com\\\/wp-content\\\/uploads\\\/2022\\\/09\\\/35Z-1miniexcavator3.jpg\",\"contentUrl\":\"https:\\\/\\\/moorejcb.com\\\/wp-content\\\/uploads\\\/2022\\\/09\\\/35Z-1miniexcavator3.jpg\",\"width\":1200,\"height\":900},{\"@type\":\"BreadcrumbList\",\"@id\":\"https:\\\/\\\/moorejcb.com\\\/fr\\\/showroom\\\/35z-1-compact-excavateur\\\/#breadcrumb\",\"itemListElement\":[{\"@type\":\"ListItem\",\"position\":1,\"name\":\"Home\",\"item\":\"https:\\\/\\\/moorejcb.com\\\/fr\\\/page-daccueil\\\/\"},{\"@type\":\"ListItem\",\"position\":2,\"name\":\"\u00c9quipement neuf\",\"item\":\"https:\\\/\\\/moorejcb.com\\\/fr\\\/equipement-neuf\\\/\"},{\"@type\":\"ListItem\",\"position\":3,\"name\":\"35Z-1\"}]},{\"@type\":\"WebSite\",\"@id\":\"https:\\\/\\\/moorejcb.com\\\/#website\",\"url\":\"https:\\\/\\\/moorejcb.com\\\/\",\"name\":\"Moore JCB\",\"description\":\"Heavy Equipment | Construction Equipment and Machinery\",\"publisher\":{\"@id\":\"https:\\\/\\\/moorejcb.com\\\/#organization\"},\"potentialAction\":[{\"@type\":\"SearchAction\",\"target\":{\"@type\":\"EntryPoint\",\"urlTemplate\":\"https:\\\/\\\/moorejcb.com\\\/?s={search_term_string}\"},\"query-input\":{\"@type\":\"PropertyValueSpecification\",\"valueRequired\":true,\"valueName\":\"search_term_string\"}}],\"inLanguage\":\"fr-FR\"},{\"@type\":\"Organization\",\"@id\":\"https:\\\/\\\/moorejcb.com\\\/#organization\",\"name\":\"Moore JCB\",\"url\":\"https:\\\/\\\/moorejcb.com\\\/\",\"logo\":{\"@type\":\"ImageObject\",\"inLanguage\":\"fr-FR\",\"@id\":\"https:\\\/\\\/moorejcb.com\\\/#\\\/schema\\\/logo\\\/image\\\/\",\"url\":\"https:\\\/\\\/moorejcb.com\\\/wp-content\\\/uploads\\\/2022\\\/08\\\/MooreJCB.jpg\",\"contentUrl\":\"https:\\\/\\\/moorejcb.com\\\/wp-content\\\/uploads\\\/2022\\\/08\\\/MooreJCB.jpg\",\"width\":2445,\"height\":493,\"caption\":\"Moore JCB\"},\"image\":{\"@id\":\"https:\\\/\\\/moorejcb.com\\\/#\\\/schema\\\/logo\\\/image\\\/\"},\"sameAs\":[\"https:\\\/\\\/www.facebook.com\\\/moorejcb\"]}]}<\/script>\n<!-- \/ Yoast SEO plugin. -->","yoast_head_json":{"title":"35Z-1 - Moore JCB","robots":{"index":"index","follow":"follow","max-snippet":"max-snippet:-1","max-image-preview":"max-image-preview:large","max-video-preview":"max-video-preview:-1"},"canonical":"https:\/\/moorejcb.com\/fr\/showroom\/35z-1-compact-excavateur\/","og_locale":"fr_FR","og_type":"article","og_title":"35Z-1 - Moore JCB","og_description":"PELLE COMPACTE","og_url":"https:\/\/moorejcb.com\/fr\/showroom\/35z-1-compact-excavateur\/","og_site_name":"Moore JCB","article_publisher":"https:\/\/www.facebook.com\/moorejcb","og_image":[{"width":1200,"height":900,"url":"https:\/\/moorejcb.com\/wp-content\/uploads\/2022\/09\/35Z-1miniexcavator3.jpg","type":"image\/jpeg"}],"twitter_card":"summary_large_image","schema":{"@context":"https:\/\/schema.org","@graph":[{"@type":"WebPage","@id":"https:\/\/moorejcb.com\/fr\/showroom\/35z-1-compact-excavateur\/","url":"https:\/\/moorejcb.com\/fr\/showroom\/35z-1-compact-excavateur\/","name":"35Z-1 - Moore JCB","isPartOf":{"@id":"https:\/\/moorejcb.com\/#website"},"primaryImageOfPage":{"@id":"https:\/\/moorejcb.com\/fr\/showroom\/35z-1-compact-excavateur\/#primaryimage"},"image":{"@id":"https:\/\/moorejcb.com\/fr\/showroom\/35z-1-compact-excavateur\/#primaryimage"},"thumbnailUrl":"https:\/\/moorejcb.com\/wp-content\/uploads\/2022\/09\/35Z-1miniexcavator3.jpg","datePublished":"2022-09-15T00:25:06+00:00","breadcrumb":{"@id":"https:\/\/moorejcb.com\/fr\/showroom\/35z-1-compact-excavateur\/#breadcrumb"},"inLanguage":"fr-FR","potentialAction":[{"@type":"ReadAction","target":["https:\/\/moorejcb.com\/fr\/showroom\/35z-1-compact-excavateur\/"]}]},{"@type":"ImageObject","inLanguage":"fr-FR","@id":"https:\/\/moorejcb.com\/fr\/showroom\/35z-1-compact-excavateur\/#primaryimage","url":"https:\/\/moorejcb.com\/wp-content\/uploads\/2022\/09\/35Z-1miniexcavator3.jpg","contentUrl":"https:\/\/moorejcb.com\/wp-content\/uploads\/2022\/09\/35Z-1miniexcavator3.jpg","width":1200,"height":900},{"@type":"BreadcrumbList","@id":"https:\/\/moorejcb.com\/fr\/showroom\/35z-1-compact-excavateur\/#breadcrumb","itemListElement":[{"@type":"ListItem","position":1,"name":"Home","item":"https:\/\/moorejcb.com\/fr\/page-daccueil\/"},{"@type":"ListItem","position":2,"name":"\u00c9quipement neuf","item":"https:\/\/moorejcb.com\/fr\/equipement-neuf\/"},{"@type":"ListItem","position":3,"name":"35Z-1"}]},{"@type":"WebSite","@id":"https:\/\/moorejcb.com\/#website","url":"https:\/\/moorejcb.com\/","name":"Moore JCB","description":"Heavy Equipment | Construction Equipment and Machinery","publisher":{"@id":"https:\/\/moorejcb.com\/#organization"},"potentialAction":[{"@type":"SearchAction","target":{"@type":"EntryPoint","urlTemplate":"https:\/\/moorejcb.com\/?s={search_term_string}"},"query-input":{"@type":"PropertyValueSpecification","valueRequired":true,"valueName":"search_term_string"}}],"inLanguage":"fr-FR"},{"@type":"Organization","@id":"https:\/\/moorejcb.com\/#organization","name":"Moore JCB","url":"https:\/\/moorejcb.com\/","logo":{"@type":"ImageObject","inLanguage":"fr-FR","@id":"https:\/\/moorejcb.com\/#\/schema\/logo\/image\/","url":"https:\/\/moorejcb.com\/wp-content\/uploads\/2022\/08\/MooreJCB.jpg","contentUrl":"https:\/\/moorejcb.com\/wp-content\/uploads\/2022\/08\/MooreJCB.jpg","width":2445,"height":493,"caption":"Moore JCB"},"image":{"@id":"https:\/\/moorejcb.com\/#\/schema\/logo\/image\/"},"sameAs":["https:\/\/www.facebook.com\/moorejcb"]}]}},"jetpack_sharing_enabled":true,"_links":{"self":[{"href":"https:\/\/moorejcb.com\/fr\/wp-json\/wp\/v2\/product\/5604","targetHints":{"allow":["GET"]}}],"collection":[{"href":"https:\/\/moorejcb.com\/fr\/wp-json\/wp\/v2\/product"}],"about":[{"href":"https:\/\/moorejcb.com\/fr\/wp-json\/wp\/v2\/types\/product"}],"wp:featuredmedia":[{"embeddable":true,"href":"https:\/\/moorejcb.com\/fr\/wp-json\/wp\/v2\/media\/5136"}],"wp:attachment":[{"href":"https:\/\/moorejcb.com\/fr\/wp-json\/wp\/v2\/media?parent=5604"}],"wp:term":[{"taxonomy":"product_brand","embeddable":true,"href":"https:\/\/moorejcb.com\/fr\/wp-json\/wp\/v2\/product_brand?post=5604"},{"taxonomy":"product_cat","embeddable":true,"href":"https:\/\/moorejcb.com\/fr\/wp-json\/wp\/v2\/product_cat?post=5604"},{"taxonomy":"product_tag","embeddable":true,"href":"https:\/\/moorejcb.com\/fr\/wp-json\/wp\/v2\/product_tag?post=5604"}],"curies":[{"name":"wp","href":"https:\/\/api.w.org\/{rel}","templated":true}]}}