{"id":5600,"date":"2022-09-14T20:25:20","date_gmt":"2022-09-15T00:25:20","guid":{"rendered":"https:\/\/moorejcb.com\/showroom\/245xr\/"},"modified":"2022-09-14T20:25:20","modified_gmt":"2022-09-15T00:25:20","slug":"245xr-excavateur","status":"publish","type":"product","link":"https:\/\/moorejcb.com\/fr\/showroom\/245xr-excavateur\/","title":{"rendered":"245XR"},"content":{"rendered":"<p>Nos \u00e9quipes d&rsquo;ing\u00e9nieurs ont une fois de plus produit une nouvelle pelle de classe mondiale. Une pelle qui b\u00e9n\u00e9ficie d&rsquo;un rayon d&rsquo;orientation r\u00e9duit, sans aucun compromis sur l&rsquo;espace de la cabine ou les performances. Le r\u00e9sultat est une autre machine de la S\u00c9RIE X \u00e0 prendre au s\u00e9rieux.<\/p>\n<p><a href=\"https:\/\/moorejcb.com\/wp-content\/uploads\/2022\/10\/2022-245XR-E-Brochure.pdf\" target=\"_blank\" rel=\"noopener\">T\u00e9l\u00e9charger la brochure<\/a><\/p>\n","protected":false},"excerpt":{"rendered":"<p>EXCAVATOR<\/p>\n","protected":false},"featured_media":5095,"template":"","meta":[],"product_brand":[],"product_cat":[102],"product_tag":[117],"class_list":{"0":"post-5600","1":"product","2":"type-product","3":"status-publish","4":"has-post-thumbnail","6":"product_cat-excavatrice","7":"product_tag-excavatrice","9":"first","10":"instock","11":"virtual","12":"product-type-simple"},"yoast_head":"<!-- This site is optimized with the Yoast SEO plugin v27.2 - https:\/\/yoast.com\/product\/yoast-seo-wordpress\/ -->\n<title>245XR - Moore JCB<\/title>\n<meta name=\"robots\" content=\"index, follow, max-snippet:-1, max-image-preview:large, max-video-preview:-1\" \/>\n<link rel=\"canonical\" href=\"https:\/\/moorejcb.com\/fr\/showroom\/245xr-excavateur\/\" \/>\n<meta property=\"og:locale\" content=\"fr_FR\" \/>\n<meta property=\"og:type\" content=\"article\" \/>\n<meta property=\"og:title\" content=\"245XR - Moore JCB\" \/>\n<meta property=\"og:description\" content=\"EXCAVATOR\" \/>\n<meta property=\"og:url\" content=\"https:\/\/moorejcb.com\/fr\/showroom\/245xr-excavateur\/\" \/>\n<meta property=\"og:site_name\" content=\"Moore JCB\" \/>\n<meta property=\"article:publisher\" content=\"https:\/\/www.facebook.com\/moorejcb\" \/>\n<meta property=\"og:image\" content=\"https:\/\/moorejcb.com\/wp-content\/uploads\/2022\/09\/A_GENX_245XR_23.jpg\" \/>\n\t<meta property=\"og:image:width\" content=\"1200\" \/>\n\t<meta property=\"og:image:height\" content=\"900\" \/>\n\t<meta property=\"og:image:type\" content=\"image\/jpeg\" \/>\n<meta name=\"twitter:card\" content=\"summary_large_image\" \/>\n<script type=\"application\/ld+json\" class=\"yoast-schema-graph\">{\"@context\":\"https:\/\/schema.org\",\"@graph\":[{\"@type\":\"WebPage\",\"@id\":\"https:\/\/moorejcb.com\/fr\/showroom\/245xr-excavateur\/\",\"url\":\"https:\/\/moorejcb.com\/fr\/showroom\/245xr-excavateur\/\",\"name\":\"245XR - Moore JCB\",\"isPartOf\":{\"@id\":\"https:\/\/moorejcb.com\/#website\"},\"primaryImageOfPage\":{\"@id\":\"https:\/\/moorejcb.com\/fr\/showroom\/245xr-excavateur\/#primaryimage\"},\"image\":{\"@id\":\"https:\/\/moorejcb.com\/fr\/showroom\/245xr-excavateur\/#primaryimage\"},\"thumbnailUrl\":\"https:\/\/moorejcb.com\/wp-content\/uploads\/2022\/09\/A_GENX_245XR_23.jpg\",\"datePublished\":\"2022-09-15T00:25:20+00:00\",\"breadcrumb\":{\"@id\":\"https:\/\/moorejcb.com\/fr\/showroom\/245xr-excavateur\/#breadcrumb\"},\"inLanguage\":\"fr-FR\",\"potentialAction\":[{\"@type\":\"ReadAction\",\"target\":[\"https:\/\/moorejcb.com\/fr\/showroom\/245xr-excavateur\/\"]}]},{\"@type\":\"ImageObject\",\"inLanguage\":\"fr-FR\",\"@id\":\"https:\/\/moorejcb.com\/fr\/showroom\/245xr-excavateur\/#primaryimage\",\"url\":\"https:\/\/moorejcb.com\/wp-content\/uploads\/2022\/09\/A_GENX_245XR_23.jpg\",\"contentUrl\":\"https:\/\/moorejcb.com\/wp-content\/uploads\/2022\/09\/A_GENX_245XR_23.jpg\",\"width\":1200,\"height\":900},{\"@type\":\"BreadcrumbList\",\"@id\":\"https:\/\/moorejcb.com\/fr\/showroom\/245xr-excavateur\/#breadcrumb\",\"itemListElement\":[{\"@type\":\"ListItem\",\"position\":1,\"name\":\"Home\",\"item\":\"https:\/\/moorejcb.com\/fr\/page-daccueil\/\"},{\"@type\":\"ListItem\",\"position\":2,\"name\":\"\u00c9quipement neuf\",\"item\":\"https:\/\/moorejcb.com\/fr\/equipement-neuf\/\"},{\"@type\":\"ListItem\",\"position\":3,\"name\":\"245XR\"}]},{\"@type\":\"WebSite\",\"@id\":\"https:\/\/moorejcb.com\/#website\",\"url\":\"https:\/\/moorejcb.com\/\",\"name\":\"Moore JCB\",\"description\":\"Heavy Equipment | Construction Equipment and Machinery\",\"publisher\":{\"@id\":\"https:\/\/moorejcb.com\/#organization\"},\"potentialAction\":[{\"@type\":\"SearchAction\",\"target\":{\"@type\":\"EntryPoint\",\"urlTemplate\":\"https:\/\/moorejcb.com\/?s={search_term_string}\"},\"query-input\":{\"@type\":\"PropertyValueSpecification\",\"valueRequired\":true,\"valueName\":\"search_term_string\"}}],\"inLanguage\":\"fr-FR\"},{\"@type\":\"Organization\",\"@id\":\"https:\/\/moorejcb.com\/#organization\",\"name\":\"Moore JCB\",\"url\":\"https:\/\/moorejcb.com\/\",\"logo\":{\"@type\":\"ImageObject\",\"inLanguage\":\"fr-FR\",\"@id\":\"https:\/\/moorejcb.com\/#\/schema\/logo\/image\/\",\"url\":\"https:\/\/moorejcb.com\/wp-content\/uploads\/2022\/08\/MooreJCB.jpg\",\"contentUrl\":\"https:\/\/moorejcb.com\/wp-content\/uploads\/2022\/08\/MooreJCB.jpg\",\"width\":2445,\"height\":493,\"caption\":\"Moore JCB\"},\"image\":{\"@id\":\"https:\/\/moorejcb.com\/#\/schema\/logo\/image\/\"},\"sameAs\":[\"https:\/\/www.facebook.com\/moorejcb\"]}]}<\/script>\n<!-- \/ Yoast SEO plugin. -->","yoast_head_json":{"title":"245XR - Moore JCB","robots":{"index":"index","follow":"follow","max-snippet":"max-snippet:-1","max-image-preview":"max-image-preview:large","max-video-preview":"max-video-preview:-1"},"canonical":"https:\/\/moorejcb.com\/fr\/showroom\/245xr-excavateur\/","og_locale":"fr_FR","og_type":"article","og_title":"245XR - Moore JCB","og_description":"EXCAVATOR","og_url":"https:\/\/moorejcb.com\/fr\/showroom\/245xr-excavateur\/","og_site_name":"Moore JCB","article_publisher":"https:\/\/www.facebook.com\/moorejcb","og_image":[{"width":1200,"height":900,"url":"https:\/\/moorejcb.com\/wp-content\/uploads\/2022\/09\/A_GENX_245XR_23.jpg","type":"image\/jpeg"}],"twitter_card":"summary_large_image","schema":{"@context":"https:\/\/schema.org","@graph":[{"@type":"WebPage","@id":"https:\/\/moorejcb.com\/fr\/showroom\/245xr-excavateur\/","url":"https:\/\/moorejcb.com\/fr\/showroom\/245xr-excavateur\/","name":"245XR - Moore JCB","isPartOf":{"@id":"https:\/\/moorejcb.com\/#website"},"primaryImageOfPage":{"@id":"https:\/\/moorejcb.com\/fr\/showroom\/245xr-excavateur\/#primaryimage"},"image":{"@id":"https:\/\/moorejcb.com\/fr\/showroom\/245xr-excavateur\/#primaryimage"},"thumbnailUrl":"https:\/\/moorejcb.com\/wp-content\/uploads\/2022\/09\/A_GENX_245XR_23.jpg","datePublished":"2022-09-15T00:25:20+00:00","breadcrumb":{"@id":"https:\/\/moorejcb.com\/fr\/showroom\/245xr-excavateur\/#breadcrumb"},"inLanguage":"fr-FR","potentialAction":[{"@type":"ReadAction","target":["https:\/\/moorejcb.com\/fr\/showroom\/245xr-excavateur\/"]}]},{"@type":"ImageObject","inLanguage":"fr-FR","@id":"https:\/\/moorejcb.com\/fr\/showroom\/245xr-excavateur\/#primaryimage","url":"https:\/\/moorejcb.com\/wp-content\/uploads\/2022\/09\/A_GENX_245XR_23.jpg","contentUrl":"https:\/\/moorejcb.com\/wp-content\/uploads\/2022\/09\/A_GENX_245XR_23.jpg","width":1200,"height":900},{"@type":"BreadcrumbList","@id":"https:\/\/moorejcb.com\/fr\/showroom\/245xr-excavateur\/#breadcrumb","itemListElement":[{"@type":"ListItem","position":1,"name":"Home","item":"https:\/\/moorejcb.com\/fr\/page-daccueil\/"},{"@type":"ListItem","position":2,"name":"\u00c9quipement neuf","item":"https:\/\/moorejcb.com\/fr\/equipement-neuf\/"},{"@type":"ListItem","position":3,"name":"245XR"}]},{"@type":"WebSite","@id":"https:\/\/moorejcb.com\/#website","url":"https:\/\/moorejcb.com\/","name":"Moore JCB","description":"Heavy Equipment | Construction Equipment and Machinery","publisher":{"@id":"https:\/\/moorejcb.com\/#organization"},"potentialAction":[{"@type":"SearchAction","target":{"@type":"EntryPoint","urlTemplate":"https:\/\/moorejcb.com\/?s={search_term_string}"},"query-input":{"@type":"PropertyValueSpecification","valueRequired":true,"valueName":"search_term_string"}}],"inLanguage":"fr-FR"},{"@type":"Organization","@id":"https:\/\/moorejcb.com\/#organization","name":"Moore JCB","url":"https:\/\/moorejcb.com\/","logo":{"@type":"ImageObject","inLanguage":"fr-FR","@id":"https:\/\/moorejcb.com\/#\/schema\/logo\/image\/","url":"https:\/\/moorejcb.com\/wp-content\/uploads\/2022\/08\/MooreJCB.jpg","contentUrl":"https:\/\/moorejcb.com\/wp-content\/uploads\/2022\/08\/MooreJCB.jpg","width":2445,"height":493,"caption":"Moore JCB"},"image":{"@id":"https:\/\/moorejcb.com\/#\/schema\/logo\/image\/"},"sameAs":["https:\/\/www.facebook.com\/moorejcb"]}]}},"jetpack_sharing_enabled":true,"_links":{"self":[{"href":"https:\/\/moorejcb.com\/fr\/wp-json\/wp\/v2\/product\/5600","targetHints":{"allow":["GET"]}}],"collection":[{"href":"https:\/\/moorejcb.com\/fr\/wp-json\/wp\/v2\/product"}],"about":[{"href":"https:\/\/moorejcb.com\/fr\/wp-json\/wp\/v2\/types\/product"}],"wp:featuredmedia":[{"embeddable":true,"href":"https:\/\/moorejcb.com\/fr\/wp-json\/wp\/v2\/media\/5095"}],"wp:attachment":[{"href":"https:\/\/moorejcb.com\/fr\/wp-json\/wp\/v2\/media?parent=5600"}],"wp:term":[{"taxonomy":"product_brand","embeddable":true,"href":"https:\/\/moorejcb.com\/fr\/wp-json\/wp\/v2\/product_brand?post=5600"},{"taxonomy":"product_cat","embeddable":true,"href":"https:\/\/moorejcb.com\/fr\/wp-json\/wp\/v2\/product_cat?post=5600"},{"taxonomy":"product_tag","embeddable":true,"href":"https:\/\/moorejcb.com\/fr\/wp-json\/wp\/v2\/product_tag?post=5600"}],"curies":[{"name":"wp","href":"https:\/\/api.w.org\/{rel}","templated":true}]}}