{"id":5599,"date":"2022-09-14T20:25:16","date_gmt":"2022-09-15T00:25:16","guid":{"rendered":"https:\/\/moorejcb.com\/showroom\/325t\/"},"modified":"2022-09-14T20:25:16","modified_gmt":"2022-09-15T00:25:16","slug":"325t-forestmaster-compact-track-loader-2","status":"publish","type":"product","link":"https:\/\/moorejcb.com\/fr\/showroom\/325t-forestmaster-compact-track-loader-2\/","title":{"rendered":"325T"},"content":{"rendered":"<p>Avec une capacit\u00e9 de fonctionnement nominale de 1 452 kg et un centre de gravit\u00e9 bas, cette machine foresti\u00e8re sp\u00e9cialis\u00e9e est id\u00e9ale pour couper, d\u00e9blayer, charger et soulever dans les broussailles \u00e9paisses et les for\u00eats. Sa capacit\u00e9 de d\u00e9bit \u00e9lev\u00e9 lui conf\u00e8re la polyvalence n\u00e9cessaire pour utiliser une gamme plus large d&rsquo;accessoires lourds et complexes.<\/p>\n<p><a href=\"https:\/\/moorejcb.com\/wp-content\/uploads\/2022\/10\/2022-SLL-CTL-Brochure-1.pdf\" target=\"_blank\" rel=\"noopener\">T\u00e9l\u00e9charger la brochure<\/a><\/p>\n","protected":false},"excerpt":{"rendered":"<p>CHARGEUSE COMPACTE SUR CHENILLES FORESTMASTER<\/p>\n","protected":false},"featured_media":5122,"template":"","meta":[],"product_brand":[],"product_cat":[31],"product_tag":[57],"class_list":{"0":"post-5599","1":"product","2":"type-product","3":"status-publish","4":"has-post-thumbnail","6":"product_cat-compact-track-loaders","7":"product_tag-compact-track-loader","9":"first","10":"instock","11":"virtual","12":"product-type-simple"},"yoast_head":"<!-- This site is optimized with the Yoast SEO plugin v27.4 - https:\/\/yoast.com\/product\/yoast-seo-wordpress\/ -->\n<title>325T - Moore JCB<\/title>\n<meta name=\"robots\" content=\"index, follow, max-snippet:-1, max-image-preview:large, max-video-preview:-1\" \/>\n<link rel=\"canonical\" href=\"https:\/\/moorejcb.com\/fr\/showroom\/325t-forestmaster-compact-track-loader-2\/\" \/>\n<meta property=\"og:locale\" content=\"fr_FR\" \/>\n<meta property=\"og:type\" content=\"article\" \/>\n<meta property=\"og:title\" content=\"325T - Moore JCB\" \/>\n<meta property=\"og:description\" content=\"CHARGEUSE COMPACTE SUR CHENILLES FORESTMASTER\" \/>\n<meta property=\"og:url\" content=\"https:\/\/moorejcb.com\/fr\/showroom\/325t-forestmaster-compact-track-loader-2\/\" \/>\n<meta property=\"og:site_name\" content=\"Moore JCB\" \/>\n<meta property=\"article:publisher\" content=\"https:\/\/www.facebook.com\/moorejcb\" \/>\n<meta property=\"og:image\" content=\"https:\/\/moorejcb.com\/wp-content\/uploads\/2022\/09\/18572.jpg\" \/>\n\t<meta property=\"og:image:width\" content=\"1024\" \/>\n\t<meta property=\"og:image:height\" content=\"768\" \/>\n\t<meta property=\"og:image:type\" content=\"image\/jpeg\" \/>\n<meta name=\"twitter:card\" content=\"summary_large_image\" \/>\n<script type=\"application\/ld+json\" class=\"yoast-schema-graph\">{\"@context\":\"https:\\\/\\\/schema.org\",\"@graph\":[{\"@type\":\"WebPage\",\"@id\":\"https:\\\/\\\/moorejcb.com\\\/fr\\\/showroom\\\/325t-forestmaster-compact-track-loader-2\\\/\",\"url\":\"https:\\\/\\\/moorejcb.com\\\/fr\\\/showroom\\\/325t-forestmaster-compact-track-loader-2\\\/\",\"name\":\"325T - Moore JCB\",\"isPartOf\":{\"@id\":\"https:\\\/\\\/moorejcb.com\\\/#website\"},\"primaryImageOfPage\":{\"@id\":\"https:\\\/\\\/moorejcb.com\\\/fr\\\/showroom\\\/325t-forestmaster-compact-track-loader-2\\\/#primaryimage\"},\"image\":{\"@id\":\"https:\\\/\\\/moorejcb.com\\\/fr\\\/showroom\\\/325t-forestmaster-compact-track-loader-2\\\/#primaryimage\"},\"thumbnailUrl\":\"https:\\\/\\\/moorejcb.com\\\/wp-content\\\/uploads\\\/2022\\\/09\\\/18572.jpg\",\"datePublished\":\"2022-09-15T00:25:16+00:00\",\"breadcrumb\":{\"@id\":\"https:\\\/\\\/moorejcb.com\\\/fr\\\/showroom\\\/325t-forestmaster-compact-track-loader-2\\\/#breadcrumb\"},\"inLanguage\":\"fr-FR\",\"potentialAction\":[{\"@type\":\"ReadAction\",\"target\":[\"https:\\\/\\\/moorejcb.com\\\/fr\\\/showroom\\\/325t-forestmaster-compact-track-loader-2\\\/\"]}]},{\"@type\":\"ImageObject\",\"inLanguage\":\"fr-FR\",\"@id\":\"https:\\\/\\\/moorejcb.com\\\/fr\\\/showroom\\\/325t-forestmaster-compact-track-loader-2\\\/#primaryimage\",\"url\":\"https:\\\/\\\/moorejcb.com\\\/wp-content\\\/uploads\\\/2022\\\/09\\\/18572.jpg\",\"contentUrl\":\"https:\\\/\\\/moorejcb.com\\\/wp-content\\\/uploads\\\/2022\\\/09\\\/18572.jpg\",\"width\":1024,\"height\":768},{\"@type\":\"BreadcrumbList\",\"@id\":\"https:\\\/\\\/moorejcb.com\\\/fr\\\/showroom\\\/325t-forestmaster-compact-track-loader-2\\\/#breadcrumb\",\"itemListElement\":[{\"@type\":\"ListItem\",\"position\":1,\"name\":\"Home\",\"item\":\"https:\\\/\\\/moorejcb.com\\\/fr\\\/page-daccueil\\\/\"},{\"@type\":\"ListItem\",\"position\":2,\"name\":\"\u00c9quipement neuf\",\"item\":\"https:\\\/\\\/moorejcb.com\\\/fr\\\/equipement-neuf\\\/\"},{\"@type\":\"ListItem\",\"position\":3,\"name\":\"325T\"}]},{\"@type\":\"WebSite\",\"@id\":\"https:\\\/\\\/moorejcb.com\\\/#website\",\"url\":\"https:\\\/\\\/moorejcb.com\\\/\",\"name\":\"Moore JCB\",\"description\":\"Heavy Equipment | Construction Equipment and Machinery\",\"publisher\":{\"@id\":\"https:\\\/\\\/moorejcb.com\\\/#organization\"},\"potentialAction\":[{\"@type\":\"SearchAction\",\"target\":{\"@type\":\"EntryPoint\",\"urlTemplate\":\"https:\\\/\\\/moorejcb.com\\\/?s={search_term_string}\"},\"query-input\":{\"@type\":\"PropertyValueSpecification\",\"valueRequired\":true,\"valueName\":\"search_term_string\"}}],\"inLanguage\":\"fr-FR\"},{\"@type\":\"Organization\",\"@id\":\"https:\\\/\\\/moorejcb.com\\\/#organization\",\"name\":\"Moore JCB\",\"url\":\"https:\\\/\\\/moorejcb.com\\\/\",\"logo\":{\"@type\":\"ImageObject\",\"inLanguage\":\"fr-FR\",\"@id\":\"https:\\\/\\\/moorejcb.com\\\/#\\\/schema\\\/logo\\\/image\\\/\",\"url\":\"https:\\\/\\\/moorejcb.com\\\/wp-content\\\/uploads\\\/2022\\\/08\\\/MooreJCB.jpg\",\"contentUrl\":\"https:\\\/\\\/moorejcb.com\\\/wp-content\\\/uploads\\\/2022\\\/08\\\/MooreJCB.jpg\",\"width\":2445,\"height\":493,\"caption\":\"Moore JCB\"},\"image\":{\"@id\":\"https:\\\/\\\/moorejcb.com\\\/#\\\/schema\\\/logo\\\/image\\\/\"},\"sameAs\":[\"https:\\\/\\\/www.facebook.com\\\/moorejcb\"]}]}<\/script>\n<!-- \/ Yoast SEO plugin. -->","yoast_head_json":{"title":"325T - Moore JCB","robots":{"index":"index","follow":"follow","max-snippet":"max-snippet:-1","max-image-preview":"max-image-preview:large","max-video-preview":"max-video-preview:-1"},"canonical":"https:\/\/moorejcb.com\/fr\/showroom\/325t-forestmaster-compact-track-loader-2\/","og_locale":"fr_FR","og_type":"article","og_title":"325T - Moore JCB","og_description":"CHARGEUSE COMPACTE SUR CHENILLES FORESTMASTER","og_url":"https:\/\/moorejcb.com\/fr\/showroom\/325t-forestmaster-compact-track-loader-2\/","og_site_name":"Moore JCB","article_publisher":"https:\/\/www.facebook.com\/moorejcb","og_image":[{"width":1024,"height":768,"url":"https:\/\/moorejcb.com\/wp-content\/uploads\/2022\/09\/18572.jpg","type":"image\/jpeg"}],"twitter_card":"summary_large_image","schema":{"@context":"https:\/\/schema.org","@graph":[{"@type":"WebPage","@id":"https:\/\/moorejcb.com\/fr\/showroom\/325t-forestmaster-compact-track-loader-2\/","url":"https:\/\/moorejcb.com\/fr\/showroom\/325t-forestmaster-compact-track-loader-2\/","name":"325T - Moore JCB","isPartOf":{"@id":"https:\/\/moorejcb.com\/#website"},"primaryImageOfPage":{"@id":"https:\/\/moorejcb.com\/fr\/showroom\/325t-forestmaster-compact-track-loader-2\/#primaryimage"},"image":{"@id":"https:\/\/moorejcb.com\/fr\/showroom\/325t-forestmaster-compact-track-loader-2\/#primaryimage"},"thumbnailUrl":"https:\/\/moorejcb.com\/wp-content\/uploads\/2022\/09\/18572.jpg","datePublished":"2022-09-15T00:25:16+00:00","breadcrumb":{"@id":"https:\/\/moorejcb.com\/fr\/showroom\/325t-forestmaster-compact-track-loader-2\/#breadcrumb"},"inLanguage":"fr-FR","potentialAction":[{"@type":"ReadAction","target":["https:\/\/moorejcb.com\/fr\/showroom\/325t-forestmaster-compact-track-loader-2\/"]}]},{"@type":"ImageObject","inLanguage":"fr-FR","@id":"https:\/\/moorejcb.com\/fr\/showroom\/325t-forestmaster-compact-track-loader-2\/#primaryimage","url":"https:\/\/moorejcb.com\/wp-content\/uploads\/2022\/09\/18572.jpg","contentUrl":"https:\/\/moorejcb.com\/wp-content\/uploads\/2022\/09\/18572.jpg","width":1024,"height":768},{"@type":"BreadcrumbList","@id":"https:\/\/moorejcb.com\/fr\/showroom\/325t-forestmaster-compact-track-loader-2\/#breadcrumb","itemListElement":[{"@type":"ListItem","position":1,"name":"Home","item":"https:\/\/moorejcb.com\/fr\/page-daccueil\/"},{"@type":"ListItem","position":2,"name":"\u00c9quipement neuf","item":"https:\/\/moorejcb.com\/fr\/equipement-neuf\/"},{"@type":"ListItem","position":3,"name":"325T"}]},{"@type":"WebSite","@id":"https:\/\/moorejcb.com\/#website","url":"https:\/\/moorejcb.com\/","name":"Moore JCB","description":"Heavy Equipment | Construction Equipment and Machinery","publisher":{"@id":"https:\/\/moorejcb.com\/#organization"},"potentialAction":[{"@type":"SearchAction","target":{"@type":"EntryPoint","urlTemplate":"https:\/\/moorejcb.com\/?s={search_term_string}"},"query-input":{"@type":"PropertyValueSpecification","valueRequired":true,"valueName":"search_term_string"}}],"inLanguage":"fr-FR"},{"@type":"Organization","@id":"https:\/\/moorejcb.com\/#organization","name":"Moore JCB","url":"https:\/\/moorejcb.com\/","logo":{"@type":"ImageObject","inLanguage":"fr-FR","@id":"https:\/\/moorejcb.com\/#\/schema\/logo\/image\/","url":"https:\/\/moorejcb.com\/wp-content\/uploads\/2022\/08\/MooreJCB.jpg","contentUrl":"https:\/\/moorejcb.com\/wp-content\/uploads\/2022\/08\/MooreJCB.jpg","width":2445,"height":493,"caption":"Moore JCB"},"image":{"@id":"https:\/\/moorejcb.com\/#\/schema\/logo\/image\/"},"sameAs":["https:\/\/www.facebook.com\/moorejcb"]}]}},"jetpack_sharing_enabled":true,"_links":{"self":[{"href":"https:\/\/moorejcb.com\/fr\/wp-json\/wp\/v2\/product\/5599","targetHints":{"allow":["GET"]}}],"collection":[{"href":"https:\/\/moorejcb.com\/fr\/wp-json\/wp\/v2\/product"}],"about":[{"href":"https:\/\/moorejcb.com\/fr\/wp-json\/wp\/v2\/types\/product"}],"wp:featuredmedia":[{"embeddable":true,"href":"https:\/\/moorejcb.com\/fr\/wp-json\/wp\/v2\/media\/5122"}],"wp:attachment":[{"href":"https:\/\/moorejcb.com\/fr\/wp-json\/wp\/v2\/media?parent=5599"}],"wp:term":[{"taxonomy":"product_brand","embeddable":true,"href":"https:\/\/moorejcb.com\/fr\/wp-json\/wp\/v2\/product_brand?post=5599"},{"taxonomy":"product_cat","embeddable":true,"href":"https:\/\/moorejcb.com\/fr\/wp-json\/wp\/v2\/product_cat?post=5599"},{"taxonomy":"product_tag","embeddable":true,"href":"https:\/\/moorejcb.com\/fr\/wp-json\/wp\/v2\/product_tag?post=5599"}],"curies":[{"name":"wp","href":"https:\/\/api.w.org\/{rel}","templated":true}]}}