{"id":5525,"date":"2022-09-14T20:24:58","date_gmt":"2022-09-15T00:24:58","guid":{"rendered":"https:\/\/moorejcb.com\/showroom\/s2632e\/"},"modified":"2022-11-22T09:26:17","modified_gmt":"2022-11-22T14:26:17","slug":"s2632e","status":"publish","type":"product","link":"https:\/\/moorejcb.com\/fr\/showroom\/s2632e\/","title":{"rendered":"S2632E"},"content":{"rendered":"<p>S2632E &#8211; cette plate-forme \u00e9lectrique \u00e0 ciseaux de moyenne gamme de JCB est \u00e9quip\u00e9e de toutes les caract\u00e9ristiques de s\u00e9curit\u00e9 et de productivit\u00e9 communes \u00e0 la gamme Access, avec une hauteur de levage plus \u00e9lev\u00e9e pour une meilleure polyvalence.<\/p>\n<p><a href=\"https:\/\/moorejcb.com\/wp-content\/uploads\/2022\/09\/2022-Access-Platforms-1.pdf\" target=\"_blank\" rel=\"noopener\">T\u00e9l\u00e9charger la brochure<\/a><\/p>\n","protected":false},"excerpt":{"rendered":"<p>PLATE-FORME \u00c0 CISEAU<\/p>\n","protected":false},"featured_media":5180,"template":"","meta":[],"product_brand":[],"product_cat":[42],"product_tag":[64,54],"class_list":{"0":"post-5525","1":"product","2":"type-product","3":"status-publish","4":"has-post-thumbnail","6":"product_cat-access-platforms","7":"product_tag-electric","8":"product_tag-scissor-lifts","10":"first","11":"instock","12":"virtual","13":"product-type-simple"},"yoast_head":"<!-- This site is optimized with the Yoast SEO plugin v27.5 - https:\/\/yoast.com\/product\/yoast-seo-wordpress\/ -->\n<title>S2632E - Moore JCB<\/title>\n<meta name=\"robots\" content=\"index, follow, max-snippet:-1, max-image-preview:large, max-video-preview:-1\" \/>\n<link rel=\"canonical\" href=\"https:\/\/moorejcb.com\/fr\/showroom\/s2632e\/\" \/>\n<meta property=\"og:locale\" content=\"fr_FR\" \/>\n<meta property=\"og:type\" content=\"article\" \/>\n<meta property=\"og:title\" content=\"S2632E - Moore JCB\" \/>\n<meta property=\"og:description\" content=\"PLATE-FORME \u00c0 CISEAU\" \/>\n<meta property=\"og:url\" content=\"https:\/\/moorejcb.com\/fr\/showroom\/s2632e\/\" \/>\n<meta property=\"og:site_name\" content=\"Moore JCB\" \/>\n<meta property=\"article:publisher\" content=\"https:\/\/www.facebook.com\/moorejcb\" \/>\n<meta property=\"article:modified_time\" content=\"2022-11-22T14:26:17+00:00\" \/>\n<meta property=\"og:image\" content=\"https:\/\/moorejcb.com\/wp-content\/uploads\/2022\/09\/S2032E_1.jpg\" \/>\n\t<meta property=\"og:image:width\" content=\"1200\" \/>\n\t<meta property=\"og:image:height\" content=\"900\" \/>\n\t<meta property=\"og:image:type\" content=\"image\/jpeg\" \/>\n<meta name=\"twitter:card\" content=\"summary_large_image\" \/>\n<script type=\"application\/ld+json\" class=\"yoast-schema-graph\">{\"@context\":\"https:\\\/\\\/schema.org\",\"@graph\":[{\"@type\":\"WebPage\",\"@id\":\"https:\\\/\\\/moorejcb.com\\\/fr\\\/showroom\\\/s2632e\\\/\",\"url\":\"https:\\\/\\\/moorejcb.com\\\/fr\\\/showroom\\\/s2632e\\\/\",\"name\":\"S2632E - Moore JCB\",\"isPartOf\":{\"@id\":\"https:\\\/\\\/moorejcb.com\\\/#website\"},\"primaryImageOfPage\":{\"@id\":\"https:\\\/\\\/moorejcb.com\\\/fr\\\/showroom\\\/s2632e\\\/#primaryimage\"},\"image\":{\"@id\":\"https:\\\/\\\/moorejcb.com\\\/fr\\\/showroom\\\/s2632e\\\/#primaryimage\"},\"thumbnailUrl\":\"https:\\\/\\\/moorejcb.com\\\/wp-content\\\/uploads\\\/2022\\\/09\\\/S2032E_1.jpg\",\"datePublished\":\"2022-09-15T00:24:58+00:00\",\"dateModified\":\"2022-11-22T14:26:17+00:00\",\"breadcrumb\":{\"@id\":\"https:\\\/\\\/moorejcb.com\\\/fr\\\/showroom\\\/s2632e\\\/#breadcrumb\"},\"inLanguage\":\"fr-FR\",\"potentialAction\":[{\"@type\":\"ReadAction\",\"target\":[\"https:\\\/\\\/moorejcb.com\\\/fr\\\/showroom\\\/s2632e\\\/\"]}]},{\"@type\":\"ImageObject\",\"inLanguage\":\"fr-FR\",\"@id\":\"https:\\\/\\\/moorejcb.com\\\/fr\\\/showroom\\\/s2632e\\\/#primaryimage\",\"url\":\"https:\\\/\\\/moorejcb.com\\\/wp-content\\\/uploads\\\/2022\\\/09\\\/S2032E_1.jpg\",\"contentUrl\":\"https:\\\/\\\/moorejcb.com\\\/wp-content\\\/uploads\\\/2022\\\/09\\\/S2032E_1.jpg\",\"width\":1200,\"height\":900},{\"@type\":\"BreadcrumbList\",\"@id\":\"https:\\\/\\\/moorejcb.com\\\/fr\\\/showroom\\\/s2632e\\\/#breadcrumb\",\"itemListElement\":[{\"@type\":\"ListItem\",\"position\":1,\"name\":\"Home\",\"item\":\"https:\\\/\\\/moorejcb.com\\\/fr\\\/page-daccueil\\\/\"},{\"@type\":\"ListItem\",\"position\":2,\"name\":\"\u00c9quipement neuf\",\"item\":\"https:\\\/\\\/moorejcb.com\\\/fr\\\/equipement-neuf\\\/\"},{\"@type\":\"ListItem\",\"position\":3,\"name\":\"S2632E\"}]},{\"@type\":\"WebSite\",\"@id\":\"https:\\\/\\\/moorejcb.com\\\/#website\",\"url\":\"https:\\\/\\\/moorejcb.com\\\/\",\"name\":\"Moore JCB\",\"description\":\"Heavy Equipment | Construction Equipment and Machinery\",\"publisher\":{\"@id\":\"https:\\\/\\\/moorejcb.com\\\/#organization\"},\"potentialAction\":[{\"@type\":\"SearchAction\",\"target\":{\"@type\":\"EntryPoint\",\"urlTemplate\":\"https:\\\/\\\/moorejcb.com\\\/?s={search_term_string}\"},\"query-input\":{\"@type\":\"PropertyValueSpecification\",\"valueRequired\":true,\"valueName\":\"search_term_string\"}}],\"inLanguage\":\"fr-FR\"},{\"@type\":\"Organization\",\"@id\":\"https:\\\/\\\/moorejcb.com\\\/#organization\",\"name\":\"Moore JCB\",\"url\":\"https:\\\/\\\/moorejcb.com\\\/\",\"logo\":{\"@type\":\"ImageObject\",\"inLanguage\":\"fr-FR\",\"@id\":\"https:\\\/\\\/moorejcb.com\\\/#\\\/schema\\\/logo\\\/image\\\/\",\"url\":\"https:\\\/\\\/moorejcb.com\\\/wp-content\\\/uploads\\\/2022\\\/08\\\/MooreJCB.jpg\",\"contentUrl\":\"https:\\\/\\\/moorejcb.com\\\/wp-content\\\/uploads\\\/2022\\\/08\\\/MooreJCB.jpg\",\"width\":2445,\"height\":493,\"caption\":\"Moore JCB\"},\"image\":{\"@id\":\"https:\\\/\\\/moorejcb.com\\\/#\\\/schema\\\/logo\\\/image\\\/\"},\"sameAs\":[\"https:\\\/\\\/www.facebook.com\\\/moorejcb\"]}]}<\/script>\n<!-- \/ Yoast SEO plugin. -->","yoast_head_json":{"title":"S2632E - Moore JCB","robots":{"index":"index","follow":"follow","max-snippet":"max-snippet:-1","max-image-preview":"max-image-preview:large","max-video-preview":"max-video-preview:-1"},"canonical":"https:\/\/moorejcb.com\/fr\/showroom\/s2632e\/","og_locale":"fr_FR","og_type":"article","og_title":"S2632E - Moore JCB","og_description":"PLATE-FORME \u00c0 CISEAU","og_url":"https:\/\/moorejcb.com\/fr\/showroom\/s2632e\/","og_site_name":"Moore JCB","article_publisher":"https:\/\/www.facebook.com\/moorejcb","article_modified_time":"2022-11-22T14:26:17+00:00","og_image":[{"width":1200,"height":900,"url":"https:\/\/moorejcb.com\/wp-content\/uploads\/2022\/09\/S2032E_1.jpg","type":"image\/jpeg"}],"twitter_card":"summary_large_image","schema":{"@context":"https:\/\/schema.org","@graph":[{"@type":"WebPage","@id":"https:\/\/moorejcb.com\/fr\/showroom\/s2632e\/","url":"https:\/\/moorejcb.com\/fr\/showroom\/s2632e\/","name":"S2632E - Moore JCB","isPartOf":{"@id":"https:\/\/moorejcb.com\/#website"},"primaryImageOfPage":{"@id":"https:\/\/moorejcb.com\/fr\/showroom\/s2632e\/#primaryimage"},"image":{"@id":"https:\/\/moorejcb.com\/fr\/showroom\/s2632e\/#primaryimage"},"thumbnailUrl":"https:\/\/moorejcb.com\/wp-content\/uploads\/2022\/09\/S2032E_1.jpg","datePublished":"2022-09-15T00:24:58+00:00","dateModified":"2022-11-22T14:26:17+00:00","breadcrumb":{"@id":"https:\/\/moorejcb.com\/fr\/showroom\/s2632e\/#breadcrumb"},"inLanguage":"fr-FR","potentialAction":[{"@type":"ReadAction","target":["https:\/\/moorejcb.com\/fr\/showroom\/s2632e\/"]}]},{"@type":"ImageObject","inLanguage":"fr-FR","@id":"https:\/\/moorejcb.com\/fr\/showroom\/s2632e\/#primaryimage","url":"https:\/\/moorejcb.com\/wp-content\/uploads\/2022\/09\/S2032E_1.jpg","contentUrl":"https:\/\/moorejcb.com\/wp-content\/uploads\/2022\/09\/S2032E_1.jpg","width":1200,"height":900},{"@type":"BreadcrumbList","@id":"https:\/\/moorejcb.com\/fr\/showroom\/s2632e\/#breadcrumb","itemListElement":[{"@type":"ListItem","position":1,"name":"Home","item":"https:\/\/moorejcb.com\/fr\/page-daccueil\/"},{"@type":"ListItem","position":2,"name":"\u00c9quipement neuf","item":"https:\/\/moorejcb.com\/fr\/equipement-neuf\/"},{"@type":"ListItem","position":3,"name":"S2632E"}]},{"@type":"WebSite","@id":"https:\/\/moorejcb.com\/#website","url":"https:\/\/moorejcb.com\/","name":"Moore JCB","description":"Heavy Equipment | Construction Equipment and Machinery","publisher":{"@id":"https:\/\/moorejcb.com\/#organization"},"potentialAction":[{"@type":"SearchAction","target":{"@type":"EntryPoint","urlTemplate":"https:\/\/moorejcb.com\/?s={search_term_string}"},"query-input":{"@type":"PropertyValueSpecification","valueRequired":true,"valueName":"search_term_string"}}],"inLanguage":"fr-FR"},{"@type":"Organization","@id":"https:\/\/moorejcb.com\/#organization","name":"Moore JCB","url":"https:\/\/moorejcb.com\/","logo":{"@type":"ImageObject","inLanguage":"fr-FR","@id":"https:\/\/moorejcb.com\/#\/schema\/logo\/image\/","url":"https:\/\/moorejcb.com\/wp-content\/uploads\/2022\/08\/MooreJCB.jpg","contentUrl":"https:\/\/moorejcb.com\/wp-content\/uploads\/2022\/08\/MooreJCB.jpg","width":2445,"height":493,"caption":"Moore JCB"},"image":{"@id":"https:\/\/moorejcb.com\/#\/schema\/logo\/image\/"},"sameAs":["https:\/\/www.facebook.com\/moorejcb"]}]}},"jetpack_sharing_enabled":true,"_links":{"self":[{"href":"https:\/\/moorejcb.com\/fr\/wp-json\/wp\/v2\/product\/5525","targetHints":{"allow":["GET"]}}],"collection":[{"href":"https:\/\/moorejcb.com\/fr\/wp-json\/wp\/v2\/product"}],"about":[{"href":"https:\/\/moorejcb.com\/fr\/wp-json\/wp\/v2\/types\/product"}],"wp:featuredmedia":[{"embeddable":true,"href":"https:\/\/moorejcb.com\/fr\/wp-json\/wp\/v2\/media\/5180"}],"wp:attachment":[{"href":"https:\/\/moorejcb.com\/fr\/wp-json\/wp\/v2\/media?parent=5525"}],"wp:term":[{"taxonomy":"product_brand","embeddable":true,"href":"https:\/\/moorejcb.com\/fr\/wp-json\/wp\/v2\/product_brand?post=5525"},{"taxonomy":"product_cat","embeddable":true,"href":"https:\/\/moorejcb.com\/fr\/wp-json\/wp\/v2\/product_cat?post=5525"},{"taxonomy":"product_tag","embeddable":true,"href":"https:\/\/moorejcb.com\/fr\/wp-json\/wp\/v2\/product_tag?post=5525"}],"curies":[{"name":"wp","href":"https:\/\/api.w.org\/{rel}","templated":true}]}}