{"id":5546,"date":"2022-08-31T17:37:09","date_gmt":"2022-08-31T21:37:09","guid":{"rendered":"https:\/\/moorejcb.com\/a-propos-de-nous\/"},"modified":"2022-11-17T08:11:22","modified_gmt":"2022-11-17T13:11:22","slug":"a-propos-de-nous","status":"publish","type":"page","link":"https:\/\/moorejcb.com\/fr\/a-propos-de-nous\/","title":{"rendered":"\u00c0 propos de nous"},"content":{"rendered":"\t\t<div data-elementor-type=\"wp-page\" data-elementor-id=\"5546\" class=\"elementor elementor-5546 elementor-60\" data-elementor-post-type=\"page\">\n\t\t\t\t\t\t<section class=\"elementor-section elementor-top-section elementor-element elementor-element-1c6df319 elementor-section-full_width elementor-section-height-min-height elementor-section-height-default elementor-section-items-middle\" data-id=\"1c6df319\" data-element_type=\"section\" data-e-type=\"section\" data-settings=\"{&quot;background_background&quot;:&quot;slideshow&quot;,&quot;background_slideshow_gallery&quot;:[{&quot;id&quot;:2161,&quot;url&quot;:&quot;https:\\\/\\\/moorejcb.com\\\/wp-content\\\/uploads\\\/2022\\\/09\\\/DSC03108-scaled.jpg&quot;},{&quot;id&quot;:2196,&quot;url&quot;:&quot;https:\\\/\\\/moorejcb.com\\\/wp-content\\\/uploads\\\/2022\\\/09\\\/20180607_075522-scaled.jpg&quot;},{&quot;id&quot;:2195,&quot;url&quot;:&quot;https:\\\/\\\/moorejcb.com\\\/wp-content\\\/uploads\\\/2022\\\/09\\\/20171011_070337-01-scaled.jpeg&quot;},{&quot;id&quot;:2198,&quot;url&quot;:&quot;https:\\\/\\\/moorejcb.com\\\/wp-content\\\/uploads\\\/2022\\\/09\\\/20170905_071050-01-1-scaled.jpeg&quot;}],&quot;background_slideshow_ken_burns&quot;:&quot;yes&quot;,&quot;background_slideshow_loop&quot;:&quot;yes&quot;,&quot;background_slideshow_slide_duration&quot;:5000,&quot;background_slideshow_slide_transition&quot;:&quot;fade&quot;,&quot;background_slideshow_transition_duration&quot;:500,&quot;background_slideshow_ken_burns_zoom_direction&quot;:&quot;in&quot;}\">\n\t\t\t\t\t\t\t<div class=\"elementor-background-overlay\"><\/div>\n\t\t\t\t\t\t\t<div class=\"elementor-container elementor-column-gap-default\">\n\t\t\t\t\t<div class=\"elementor-column elementor-col-100 elementor-top-column elementor-element elementor-element-7900f5d5\" data-id=\"7900f5d5\" data-element_type=\"column\" data-e-type=\"column\">\n\t\t\t<div class=\"elementor-widget-wrap elementor-element-populated\">\n\t\t\t\t\t\t<div class=\"elementor-element elementor-element-60600a1e elementor-invisible elementor-widget elementor-widget-heading\" data-id=\"60600a1e\" data-element_type=\"widget\" data-e-type=\"widget\" data-settings=\"{&quot;_animation&quot;:&quot;fadeIn&quot;}\" data-widget_type=\"heading.default\">\n\t\t\t\t<div class=\"elementor-widget-container\">\n\t\t\t\t\t<h2 class=\"elementor-heading-title elementor-size-default\">\u00c0 PROPOS DE NOUS<\/h2>\t\t\t\t<\/div>\n\t\t\t\t<\/div>\n\t\t\t\t\t<\/div>\n\t\t<\/div>\n\t\t\t\t\t<\/div>\n\t\t<\/section>\n\t\t\t\t<section class=\"elementor-section elementor-top-section elementor-element elementor-element-13fb7b2c elementor-section-boxed elementor-section-height-default elementor-section-height-default\" data-id=\"13fb7b2c\" data-element_type=\"section\" data-e-type=\"section\" data-settings=\"{&quot;shape_divider_top&quot;:&quot;triangle-asymmetrical&quot;,&quot;background_background&quot;:&quot;video&quot;}\">\n\t\t\t\t\t\t\t<div class=\"elementor-background-overlay\"><\/div>\n\t\t\t\t\t\t<div class=\"elementor-shape elementor-shape-top\" aria-hidden=\"true\" data-negative=\"false\">\n\t\t\t<svg xmlns=\"http:\/\/www.w3.org\/2000\/svg\" viewBox=\"0 0 1000 100\" preserveAspectRatio=\"none\">\n\t<path class=\"elementor-shape-fill\" d=\"M738,99l262-93V0H0v5.6L738,99z\"\/>\n<\/svg>\t\t<\/div>\n\t\t\t\t\t<div class=\"elementor-container elementor-column-gap-default\">\n\t\t\t\t\t<div class=\"elementor-column elementor-col-100 elementor-top-column elementor-element elementor-element-4ff8d59\" data-id=\"4ff8d59\" data-element_type=\"column\" data-e-type=\"column\">\n\t\t\t<div class=\"elementor-widget-wrap\">\n\t\t\t\t\t\t\t<\/div>\n\t\t<\/div>\n\t\t\t\t\t<\/div>\n\t\t<\/section>\n\t\t\t\t<section class=\"elementor-section elementor-top-section elementor-element elementor-element-38d3ecd4 elementor-section-content-middle elementor-section-height-min-height elementor-section-items-stretch elementor-section-boxed elementor-section-height-default\" data-id=\"38d3ecd4\" data-element_type=\"section\" data-e-type=\"section\">\n\t\t\t\t\t\t<div class=\"elementor-container elementor-column-gap-no\">\n\t\t\t\t\t<div class=\"elementor-column elementor-col-33 elementor-top-column elementor-element elementor-element-2c783f98\" data-id=\"2c783f98\" data-element_type=\"column\" data-e-type=\"column\">\n\t\t\t<div class=\"elementor-widget-wrap elementor-element-populated\">\n\t\t\t\t\t\t<div class=\"elementor-element elementor-element-202a63d elementor-widget elementor-widget-video\" data-id=\"202a63d\" data-element_type=\"widget\" data-e-type=\"widget\" data-settings=\"{&quot;video_type&quot;:&quot;hosted&quot;,&quot;autoplay&quot;:&quot;yes&quot;,&quot;play_on_mobile&quot;:&quot;yes&quot;,&quot;show_image_overlay&quot;:&quot;yes&quot;,&quot;image_overlay&quot;:{&quot;url&quot;:&quot;https:\\\/\\\/moorejcb.com\\\/wp-content\\\/uploads\\\/2022\\\/09\\\/52440484.jpg.0.jpg&quot;,&quot;id&quot;:4835,&quot;size&quot;:&quot;&quot;,&quot;alt&quot;:&quot;&quot;,&quot;source&quot;:&quot;library&quot;},&quot;controls&quot;:&quot;yes&quot;}\" data-widget_type=\"video.default\">\n\t\t\t\t<div class=\"elementor-widget-container\">\n\t\t\t\t\t\t\t<div class=\"e-hosted-video elementor-wrapper elementor-open-inline\">\n\t\t\t\t\t<video class=\"elementor-video\" src=\"https:\/\/moorejcb.com\/wp-content\/uploads\/2022\/09\/DickieMooreY.mp4\" autoplay=\"\" controls=\"\" playsinline=\"\" controlsList=\"nodownload\"><\/video>\n\t\t\t\t\t\t<div class=\"elementor-custom-embed-image-overlay\" style=\"background-image: url(https:\/\/moorejcb.com\/wp-content\/uploads\/2022\/09\/52440484.jpg.0.jpg);\">\n\t\t\t\t\t\t\t\t\t\t\t\t\t\t\t\t<div class=\"elementor-custom-embed-play\" role=\"button\" aria-label=\"Lire la vid\u00e9o\" tabindex=\"0\">\n\t\t\t\t\t\t\t<i aria-hidden=\"true\" class=\"far fa-play-circle\"><\/i>\t\t\t\t\t\t<\/div>\n\t\t\t\t\t\t\t\t\t<\/div>\n\t\t\t\t\t<\/div>\n\t\t\t\t\t\t<\/div>\n\t\t\t\t<\/div>\n\t\t\t\t\t<\/div>\n\t\t<\/div>\n\t\t\t\t<div class=\"elementor-column elementor-col-33 elementor-top-column elementor-element elementor-element-7d078919 elementor-hidden-tablet\" data-id=\"7d078919\" data-element_type=\"column\" data-e-type=\"column\">\n\t\t\t<div class=\"elementor-widget-wrap elementor-element-populated\">\n\t\t\t\t\t\t<div class=\"elementor-element elementor-element-b01affc animated-slow elementor-hidden-tablet elementor-invisible elementor-widget elementor-widget-image\" data-id=\"b01affc\" data-element_type=\"widget\" data-e-type=\"widget\" data-settings=\"{&quot;_animation&quot;:&quot;slideInUp&quot;}\" data-widget_type=\"image.default\">\n\t\t\t\t<div class=\"elementor-widget-container\">\n\t\t\t\t\t\t\t\t\t\t\t\t\t\t\t<img decoding=\"async\" width=\"64\" height=\"126\" src=\"https:\/\/moorejcb.com\/wp-content\/uploads\/2022\/09\/crop-0-0-1280-2517-0-FlagDM-64x126-1.png\" class=\"attachment-large size-large wp-image-4836\" alt=\"\" \/>\t\t\t\t\t\t\t\t\t\t\t\t\t\t\t<\/div>\n\t\t\t\t<\/div>\n\t\t\t\t\t<\/div>\n\t\t<\/div>\n\t\t\t\t<div class=\"elementor-column elementor-col-33 elementor-top-column elementor-element elementor-element-71d78cd\" data-id=\"71d78cd\" data-element_type=\"column\" data-e-type=\"column\">\n\t\t\t<div class=\"elementor-widget-wrap elementor-element-populated\">\n\t\t\t\t\t\t<div class=\"elementor-element elementor-element-2e0adc6 elementor-invisible elementor-widget elementor-widget-heading\" data-id=\"2e0adc6\" data-element_type=\"widget\" data-e-type=\"widget\" data-settings=\"{&quot;_animation&quot;:&quot;fadeIn&quot;}\" data-widget_type=\"heading.default\">\n\t\t\t\t<div class=\"elementor-widget-container\">\n\t\t\t\t\t<h2 class=\"elementor-heading-title elementor-size-default\">NOTRE HISTOIRE<\/h2>\t\t\t\t<\/div>\n\t\t\t\t<\/div>\n\t\t\t\t<div class=\"elementor-element elementor-element-e1583f7 elementor-invisible elementor-widget elementor-widget-text-editor\" data-id=\"e1583f7\" data-element_type=\"widget\" data-e-type=\"widget\" data-settings=\"{&quot;_animation&quot;:&quot;fadeIn&quot;,&quot;_animation_delay&quot;:400}\" data-widget_type=\"text-editor.default\">\n\t\t\t\t<div class=\"elementor-widget-container\">\n\t\t\t\t\t\t\t\t\t<p style=\"text-align: left;\"><a href=\"http:\/\/www.dickiemoore.com\/\" target=\"_blank\" rel=\"noreferrer noopener\"><strong>\u00c9quipements Moore Limit\u00e9e<\/strong><\/a>, ou mieux connue sous le nom de <a href=\"http:\/\/www.dickiemoore.com\/\" target=\"_blank\" rel=\"noreferrer noopener\"><strong>Location Dickie Moore<\/strong><\/a>, est en affaires depuis 1961. Nous sommes un nouveau concessionnaire JCB et nous avons \u00e9tabli Moore JCB le 12 juillet 2014. Le num\u00e9ro 12 d\u00e9tient une signification importante pour la famille Moore. En tant que l\u00e9gende des Canadiens de Montr\u00e9al et six fois Champion de la Coupe Stanley, <a href=\"https:\/\/en.wikipedia.org\/wiki\/Dickie_Moore_(ice_hockey)\" target=\"_blank\" rel=\"noreferrer noopener\"><strong>Dickie Moore<\/strong><\/a> a port\u00e9 le num\u00e9ro 12 tout au long de sa carri\u00e8re au hockey! C&rsquo;est un moment tr\u00e8s excitant pour nous, ici \u00e0 Moore JCB, car deux entreprises deviennent une seule, avec un objectif commun de succ\u00e8s et de satisfaction du client. Nous avons actuellement plus de 175 employ\u00e9s parmi les deux succursales.<\/p>\n\t\t\t\t\t\t\t\t<\/div>\n\t\t\t\t<\/div>\n\t\t\t\t\t<\/div>\n\t\t<\/div>\n\t\t\t\t\t<\/div>\n\t\t<\/section>\n\t\t\t\t<section class=\"elementor-section elementor-top-section elementor-element elementor-element-5e458115 elementor-section-content-middle elementor-section-height-min-height elementor-section-items-stretch elementor-reverse-tablet elementor-reverse-mobile elementor-section-boxed elementor-section-height-default\" data-id=\"5e458115\" data-element_type=\"section\" data-e-type=\"section\">\n\t\t\t\t\t\t<div class=\"elementor-container elementor-column-gap-no\">\n\t\t\t\t\t<div class=\"elementor-column elementor-col-50 elementor-top-column elementor-element elementor-element-3af6cf4d\" data-id=\"3af6cf4d\" data-element_type=\"column\" data-e-type=\"column\">\n\t\t\t<div class=\"elementor-widget-wrap elementor-element-populated\">\n\t\t\t\t\t\t<div class=\"elementor-element elementor-element-75383715 elementor-widget elementor-widget-heading\" data-id=\"75383715\" data-element_type=\"widget\" data-e-type=\"widget\" data-widget_type=\"heading.default\">\n\t\t\t\t<div class=\"elementor-widget-container\">\n\t\t\t\t\t<h3 class=\"elementor-heading-title elementor-size-default\">MONTEZ \u00c0 BORD ET COMMENCEZ VOTRE AVENIR<\/h3>\t\t\t\t<\/div>\n\t\t\t\t<\/div>\n\t\t\t\t<div class=\"elementor-element elementor-element-582dfb4 elementor-align-center elementor-tablet-align-center elementor-mobile-align-center elementor-invisible elementor-widget elementor-widget-button\" data-id=\"582dfb4\" data-element_type=\"widget\" data-e-type=\"widget\" data-settings=\"{&quot;_animation&quot;:&quot;fadeIn&quot;,&quot;_animation_delay&quot;:400}\" data-widget_type=\"button.default\">\n\t\t\t\t<div class=\"elementor-widget-container\">\n\t\t\t\t\t\t\t\t\t<div class=\"elementor-button-wrapper\">\n\t\t\t\t\t<a class=\"elementor-button elementor-button-link elementor-size-sm\" href=\"https:\/\/dickiemoore.com\/career\/\" target=\"_blank\">\n\t\t\t\t\t\t<span class=\"elementor-button-content-wrapper\">\n\t\t\t\t\t\t\t\t\t<span class=\"elementor-button-text\">REJOIGNEZ-NOUS<\/span>\n\t\t\t\t\t<\/span>\n\t\t\t\t\t<\/a>\n\t\t\t\t<\/div>\n\t\t\t\t\t\t\t\t<\/div>\n\t\t\t\t<\/div>\n\t\t\t\t\t<\/div>\n\t\t<\/div>\n\t\t\t\t<div class=\"elementor-column elementor-col-50 elementor-top-column elementor-element elementor-element-486fb163\" data-id=\"486fb163\" data-element_type=\"column\" data-e-type=\"column\" data-settings=\"{&quot;background_background&quot;:&quot;classic&quot;}\">\n\t\t\t<div class=\"elementor-widget-wrap elementor-element-populated\">\n\t\t\t\t\t\t<div class=\"elementor-element elementor-element-e538226 elementor-widget elementor-widget-image\" data-id=\"e538226\" data-element_type=\"widget\" data-e-type=\"widget\" data-widget_type=\"image.default\">\n\t\t\t\t<div class=\"elementor-widget-container\">\n\t\t\t\t\t\t\t\t\t\t\t\t\t\t\t<img fetchpriority=\"high\" decoding=\"async\" width=\"800\" height=\"450\" src=\"https:\/\/moorejcb.com\/wp-content\/uploads\/2022\/09\/20170509_125856-01-2048x1152.jpeg\" class=\"attachment-large size-large wp-image-4825\" alt=\"\" srcset=\"https:\/\/moorejcb.com\/wp-content\/uploads\/2022\/09\/20170509_125856-01-2048x1152.jpeg 2048w, https:\/\/moorejcb.com\/wp-content\/uploads\/2022\/09\/20170509_125856-01-scaled-600x338.jpeg 600w, https:\/\/moorejcb.com\/wp-content\/uploads\/2022\/09\/20170509_125856-01-scaled-64x36.jpeg 64w, https:\/\/moorejcb.com\/wp-content\/uploads\/2022\/09\/20170509_125856-01-300x169.jpeg 300w, https:\/\/moorejcb.com\/wp-content\/uploads\/2022\/09\/20170509_125856-01-768x432.jpeg 768w, https:\/\/moorejcb.com\/wp-content\/uploads\/2022\/09\/20170509_125856-01-1536x864.jpeg 1536w\" sizes=\"(max-width: 800px) 100vw, 800px\" \/>\t\t\t\t\t\t\t\t\t\t\t\t\t\t\t<\/div>\n\t\t\t\t<\/div>\n\t\t\t\t\t<\/div>\n\t\t<\/div>\n\t\t\t\t\t<\/div>\n\t\t<\/section>\n\t\t\t\t<section class=\"elementor-section elementor-top-section elementor-element elementor-element-450bebd elementor-section-boxed elementor-section-height-default elementor-section-height-default\" data-id=\"450bebd\" data-element_type=\"section\" data-e-type=\"section\" data-settings=\"{&quot;shape_divider_bottom&quot;:&quot;triangle-asymmetrical&quot;}\">\n\t\t\t\t\t<div class=\"elementor-shape elementor-shape-bottom\" aria-hidden=\"true\" data-negative=\"false\">\n\t\t\t<svg xmlns=\"http:\/\/www.w3.org\/2000\/svg\" viewBox=\"0 0 1000 100\" preserveAspectRatio=\"none\">\n\t<path class=\"elementor-shape-fill\" d=\"M738,99l262-93V0H0v5.6L738,99z\"\/>\n<\/svg>\t\t<\/div>\n\t\t\t\t\t<div class=\"elementor-container elementor-column-gap-default\">\n\t\t\t\t\t<div class=\"elementor-column elementor-col-100 elementor-top-column elementor-element elementor-element-df2e45b\" data-id=\"df2e45b\" data-element_type=\"column\" data-e-type=\"column\">\n\t\t\t<div class=\"elementor-widget-wrap elementor-element-populated\">\n\t\t\t\t\t\t<div class=\"elementor-element elementor-element-1874e0f elementor-widget elementor-widget-spacer\" data-id=\"1874e0f\" data-element_type=\"widget\" data-e-type=\"widget\" data-widget_type=\"spacer.default\">\n\t\t\t\t<div class=\"elementor-widget-container\">\n\t\t\t\t\t\t\t<div class=\"elementor-spacer\">\n\t\t\t<div class=\"elementor-spacer-inner\"><\/div>\n\t\t<\/div>\n\t\t\t\t\t\t<\/div>\n\t\t\t\t<\/div>\n\t\t\t\t\t<\/div>\n\t\t<\/div>\n\t\t\t\t\t<\/div>\n\t\t<\/section>\n\t\t\t\t<\/div>\n\t\t","protected":false},"excerpt":{"rendered":"<p>\u00c0 PROPOS DE NOUS <a href=\"https:\/\/moorejcb.com\/wp-content\/uploads\/2022\/09\/DickieMooreY.mp4\">https:\/\/moorejcb.com\/wp-content\/uploads\/2022\/09\/DickieMooreY.mp4<\/a> NOTRE HISTOIRE \u00c9quipements Moore Limit\u00e9e, ou mieux connue sous le nom de Location Dickie Moore, est en affaires depuis 1961. Nous sommes un nouveau concessionnaire JCB et nous avons \u00e9tabli Moore JCB le 12 juillet 2014. Le num\u00e9ro 12 d\u00e9tient une signification importante pour la famille Moore. En tant que [&hellip;]<\/p>\n","protected":false},"author":1,"featured_media":0,"parent":0,"menu_order":0,"comment_status":"closed","ping_status":"closed","template":"","meta":{"footnotes":""},"class_list":["post-5546","page","type-page","status-publish","hentry"],"yoast_head":"<!-- This site is optimized with the Yoast SEO plugin v27.6 - https:\/\/yoast.com\/product\/yoast-seo-wordpress\/ -->\n<title>\u00c0 propos de nous - Moore JCB<\/title>\n<meta name=\"robots\" content=\"index, follow, max-snippet:-1, max-image-preview:large, max-video-preview:-1\" \/>\n<link rel=\"canonical\" href=\"https:\/\/moorejcb.com\/fr\/a-propos-de-nous\/\" \/>\n<meta property=\"og:locale\" content=\"fr_FR\" \/>\n<meta property=\"og:type\" content=\"article\" \/>\n<meta property=\"og:title\" content=\"\u00c0 propos de nous - Moore JCB\" \/>\n<meta property=\"og:description\" content=\"\u00c0 PROPOS DE NOUS https:\/\/moorejcb.com\/wp-content\/uploads\/2022\/09\/DickieMooreY.mp4 NOTRE HISTOIRE \u00c9quipements Moore Limit\u00e9e, ou mieux connue sous le nom de Location Dickie Moore, est en affaires depuis 1961. Nous sommes un nouveau concessionnaire JCB et nous avons \u00e9tabli Moore JCB le 12 juillet 2014. Le num\u00e9ro 12 d\u00e9tient une signification importante pour la famille Moore. En tant que [&hellip;]\" \/>\n<meta property=\"og:url\" content=\"https:\/\/moorejcb.com\/fr\/a-propos-de-nous\/\" \/>\n<meta property=\"og:site_name\" content=\"Moore JCB\" \/>\n<meta property=\"article:publisher\" content=\"https:\/\/www.facebook.com\/moorejcb\" \/>\n<meta property=\"article:modified_time\" content=\"2022-11-17T13:11:22+00:00\" \/>\n<meta property=\"og:image\" content=\"https:\/\/moorejcb.com\/wp-content\/uploads\/2022\/09\/crop-0-0-1280-2517-0-FlagDM-64x126-1.png\" \/>\n<meta name=\"twitter:card\" content=\"summary_large_image\" \/>\n<meta name=\"twitter:label1\" content=\"Dur\u00e9e de lecture estim\u00e9e\" \/>\n\t<meta name=\"twitter:data1\" content=\"1 minute\" \/>\n<script type=\"application\/ld+json\" class=\"yoast-schema-graph\">{\"@context\":\"https:\\\/\\\/schema.org\",\"@graph\":[{\"@type\":\"WebPage\",\"@id\":\"https:\\\/\\\/moorejcb.com\\\/fr\\\/a-propos-de-nous\\\/\",\"url\":\"https:\\\/\\\/moorejcb.com\\\/fr\\\/a-propos-de-nous\\\/\",\"name\":\"\u00c0 propos de nous - Moore JCB\",\"isPartOf\":{\"@id\":\"https:\\\/\\\/moorejcb.com\\\/#website\"},\"primaryImageOfPage\":{\"@id\":\"https:\\\/\\\/moorejcb.com\\\/fr\\\/a-propos-de-nous\\\/#primaryimage\"},\"image\":{\"@id\":\"https:\\\/\\\/moorejcb.com\\\/fr\\\/a-propos-de-nous\\\/#primaryimage\"},\"thumbnailUrl\":\"https:\\\/\\\/moorejcb.com\\\/wp-content\\\/uploads\\\/2022\\\/09\\\/crop-0-0-1280-2517-0-FlagDM-64x126-1.png\",\"datePublished\":\"2022-08-31T21:37:09+00:00\",\"dateModified\":\"2022-11-17T13:11:22+00:00\",\"breadcrumb\":{\"@id\":\"https:\\\/\\\/moorejcb.com\\\/fr\\\/a-propos-de-nous\\\/#breadcrumb\"},\"inLanguage\":\"fr-FR\",\"potentialAction\":[{\"@type\":\"ReadAction\",\"target\":[\"https:\\\/\\\/moorejcb.com\\\/fr\\\/a-propos-de-nous\\\/\"]}]},{\"@type\":\"ImageObject\",\"inLanguage\":\"fr-FR\",\"@id\":\"https:\\\/\\\/moorejcb.com\\\/fr\\\/a-propos-de-nous\\\/#primaryimage\",\"url\":\"https:\\\/\\\/moorejcb.com\\\/wp-content\\\/uploads\\\/2022\\\/09\\\/crop-0-0-1280-2517-0-FlagDM-64x126-1.png\",\"contentUrl\":\"https:\\\/\\\/moorejcb.com\\\/wp-content\\\/uploads\\\/2022\\\/09\\\/crop-0-0-1280-2517-0-FlagDM-64x126-1.png\"},{\"@type\":\"BreadcrumbList\",\"@id\":\"https:\\\/\\\/moorejcb.com\\\/fr\\\/a-propos-de-nous\\\/#breadcrumb\",\"itemListElement\":[{\"@type\":\"ListItem\",\"position\":1,\"name\":\"Home\",\"item\":\"https:\\\/\\\/moorejcb.com\\\/fr\\\/page-daccueil\\\/\"},{\"@type\":\"ListItem\",\"position\":2,\"name\":\"\u00c0 propos de nous\"}]},{\"@type\":\"WebSite\",\"@id\":\"https:\\\/\\\/moorejcb.com\\\/#website\",\"url\":\"https:\\\/\\\/moorejcb.com\\\/\",\"name\":\"Moore JCB\",\"description\":\"Heavy Equipment | Construction Equipment and Machinery\",\"publisher\":{\"@id\":\"https:\\\/\\\/moorejcb.com\\\/#organization\"},\"potentialAction\":[{\"@type\":\"SearchAction\",\"target\":{\"@type\":\"EntryPoint\",\"urlTemplate\":\"https:\\\/\\\/moorejcb.com\\\/?s={search_term_string}\"},\"query-input\":{\"@type\":\"PropertyValueSpecification\",\"valueRequired\":true,\"valueName\":\"search_term_string\"}}],\"inLanguage\":\"fr-FR\"},{\"@type\":\"Organization\",\"@id\":\"https:\\\/\\\/moorejcb.com\\\/#organization\",\"name\":\"Moore JCB\",\"url\":\"https:\\\/\\\/moorejcb.com\\\/\",\"logo\":{\"@type\":\"ImageObject\",\"inLanguage\":\"fr-FR\",\"@id\":\"https:\\\/\\\/moorejcb.com\\\/#\\\/schema\\\/logo\\\/image\\\/\",\"url\":\"https:\\\/\\\/moorejcb.com\\\/wp-content\\\/uploads\\\/2022\\\/08\\\/MooreJCB.jpg\",\"contentUrl\":\"https:\\\/\\\/moorejcb.com\\\/wp-content\\\/uploads\\\/2022\\\/08\\\/MooreJCB.jpg\",\"width\":2445,\"height\":493,\"caption\":\"Moore JCB\"},\"image\":{\"@id\":\"https:\\\/\\\/moorejcb.com\\\/#\\\/schema\\\/logo\\\/image\\\/\"},\"sameAs\":[\"https:\\\/\\\/www.facebook.com\\\/moorejcb\"]}]}<\/script>\n<!-- \/ Yoast SEO plugin. -->","yoast_head_json":{"title":"\u00c0 propos de nous - Moore JCB","robots":{"index":"index","follow":"follow","max-snippet":"max-snippet:-1","max-image-preview":"max-image-preview:large","max-video-preview":"max-video-preview:-1"},"canonical":"https:\/\/moorejcb.com\/fr\/a-propos-de-nous\/","og_locale":"fr_FR","og_type":"article","og_title":"\u00c0 propos de nous - Moore JCB","og_description":"\u00c0 PROPOS DE NOUS https:\/\/moorejcb.com\/wp-content\/uploads\/2022\/09\/DickieMooreY.mp4 NOTRE HISTOIRE \u00c9quipements Moore Limit\u00e9e, ou mieux connue sous le nom de Location Dickie Moore, est en affaires depuis 1961. Nous sommes un nouveau concessionnaire JCB et nous avons \u00e9tabli Moore JCB le 12 juillet 2014. Le num\u00e9ro 12 d\u00e9tient une signification importante pour la famille Moore. En tant que [&hellip;]","og_url":"https:\/\/moorejcb.com\/fr\/a-propos-de-nous\/","og_site_name":"Moore JCB","article_publisher":"https:\/\/www.facebook.com\/moorejcb","article_modified_time":"2022-11-17T13:11:22+00:00","og_image":[{"url":"https:\/\/moorejcb.com\/wp-content\/uploads\/2022\/09\/crop-0-0-1280-2517-0-FlagDM-64x126-1.png","type":"","width":"","height":""}],"twitter_card":"summary_large_image","twitter_misc":{"Dur\u00e9e de lecture estim\u00e9e":"1 minute"},"schema":{"@context":"https:\/\/schema.org","@graph":[{"@type":"WebPage","@id":"https:\/\/moorejcb.com\/fr\/a-propos-de-nous\/","url":"https:\/\/moorejcb.com\/fr\/a-propos-de-nous\/","name":"\u00c0 propos de nous - Moore JCB","isPartOf":{"@id":"https:\/\/moorejcb.com\/#website"},"primaryImageOfPage":{"@id":"https:\/\/moorejcb.com\/fr\/a-propos-de-nous\/#primaryimage"},"image":{"@id":"https:\/\/moorejcb.com\/fr\/a-propos-de-nous\/#primaryimage"},"thumbnailUrl":"https:\/\/moorejcb.com\/wp-content\/uploads\/2022\/09\/crop-0-0-1280-2517-0-FlagDM-64x126-1.png","datePublished":"2022-08-31T21:37:09+00:00","dateModified":"2022-11-17T13:11:22+00:00","breadcrumb":{"@id":"https:\/\/moorejcb.com\/fr\/a-propos-de-nous\/#breadcrumb"},"inLanguage":"fr-FR","potentialAction":[{"@type":"ReadAction","target":["https:\/\/moorejcb.com\/fr\/a-propos-de-nous\/"]}]},{"@type":"ImageObject","inLanguage":"fr-FR","@id":"https:\/\/moorejcb.com\/fr\/a-propos-de-nous\/#primaryimage","url":"https:\/\/moorejcb.com\/wp-content\/uploads\/2022\/09\/crop-0-0-1280-2517-0-FlagDM-64x126-1.png","contentUrl":"https:\/\/moorejcb.com\/wp-content\/uploads\/2022\/09\/crop-0-0-1280-2517-0-FlagDM-64x126-1.png"},{"@type":"BreadcrumbList","@id":"https:\/\/moorejcb.com\/fr\/a-propos-de-nous\/#breadcrumb","itemListElement":[{"@type":"ListItem","position":1,"name":"Home","item":"https:\/\/moorejcb.com\/fr\/page-daccueil\/"},{"@type":"ListItem","position":2,"name":"\u00c0 propos de nous"}]},{"@type":"WebSite","@id":"https:\/\/moorejcb.com\/#website","url":"https:\/\/moorejcb.com\/","name":"Moore JCB","description":"Heavy Equipment | Construction Equipment and Machinery","publisher":{"@id":"https:\/\/moorejcb.com\/#organization"},"potentialAction":[{"@type":"SearchAction","target":{"@type":"EntryPoint","urlTemplate":"https:\/\/moorejcb.com\/?s={search_term_string}"},"query-input":{"@type":"PropertyValueSpecification","valueRequired":true,"valueName":"search_term_string"}}],"inLanguage":"fr-FR"},{"@type":"Organization","@id":"https:\/\/moorejcb.com\/#organization","name":"Moore JCB","url":"https:\/\/moorejcb.com\/","logo":{"@type":"ImageObject","inLanguage":"fr-FR","@id":"https:\/\/moorejcb.com\/#\/schema\/logo\/image\/","url":"https:\/\/moorejcb.com\/wp-content\/uploads\/2022\/08\/MooreJCB.jpg","contentUrl":"https:\/\/moorejcb.com\/wp-content\/uploads\/2022\/08\/MooreJCB.jpg","width":2445,"height":493,"caption":"Moore JCB"},"image":{"@id":"https:\/\/moorejcb.com\/#\/schema\/logo\/image\/"},"sameAs":["https:\/\/www.facebook.com\/moorejcb"]}]}},"jetpack_sharing_enabled":true,"_links":{"self":[{"href":"https:\/\/moorejcb.com\/fr\/wp-json\/wp\/v2\/pages\/5546","targetHints":{"allow":["GET"]}}],"collection":[{"href":"https:\/\/moorejcb.com\/fr\/wp-json\/wp\/v2\/pages"}],"about":[{"href":"https:\/\/moorejcb.com\/fr\/wp-json\/wp\/v2\/types\/page"}],"author":[{"embeddable":true,"href":"https:\/\/moorejcb.com\/fr\/wp-json\/wp\/v2\/users\/1"}],"replies":[{"embeddable":true,"href":"https:\/\/moorejcb.com\/fr\/wp-json\/wp\/v2\/comments?post=5546"}],"version-history":[{"count":1,"href":"https:\/\/moorejcb.com\/fr\/wp-json\/wp\/v2\/pages\/5546\/revisions"}],"predecessor-version":[{"id":5547,"href":"https:\/\/moorejcb.com\/fr\/wp-json\/wp\/v2\/pages\/5546\/revisions\/5547"}],"wp:attachment":[{"href":"https:\/\/moorejcb.com\/fr\/wp-json\/wp\/v2\/media?parent=5546"}],"curies":[{"name":"wp","href":"https:\/\/api.w.org\/{rel}","templated":true}]}}